{"id":9634,"date":"2024-07-17T13:41:09","date_gmt":"2024-07-17T11:41:09","guid":{"rendered":"https:\/\/fahrzeugbedarf.at\/impresum\/"},"modified":"2025-10-22T10:37:32","modified_gmt":"2025-10-22T08:37:32","slug":"impresum","status":"publish","type":"page","link":"https:\/\/fahrzeugbedarf.at\/bs\/impresum\/","title":{"rendered":"IMPRESUM"},"content":{"rendered":"<div class=\"fusion-fullwidth fullwidth-box fusion-builder-row-1 fusion-flex-container has-pattern-background has-mask-background nonhundred-percent-fullwidth non-hundred-percent-height-scrolling\" style=\"--awb-border-radius-top-left:0px;--awb-border-radius-top-right:0px;--awb-border-radius-bottom-right:0px;--awb-border-radius-bottom-left:0px;--awb-flex-wrap:wrap;\" ><div class=\"fusion-builder-row fusion-row fusion-flex-align-items-flex-start fusion-flex-content-wrap\" style=\"max-width:1310.4px;margin-left: calc(-4% \/ 2 );margin-right: calc(-4% \/ 2 );\"><div class=\"fusion-layout-column fusion_builder_column fusion-builder-column-0 fusion_builder_column_1_1 1_1 fusion-flex-column\" style=\"--awb-bg-size:cover;--awb-width-large:100%;--awb-margin-top-large:0px;--awb-spacing-right-large:1.92%;--awb-margin-bottom-large:20px;--awb-spacing-left-large:1.92%;--awb-width-medium:100%;--awb-order-medium:0;--awb-spacing-right-medium:1.92%;--awb-spacing-left-medium:1.92%;--awb-width-small:100%;--awb-order-small:0;--awb-spacing-right-small:1.92%;--awb-spacing-left-small:1.92%;\"><div class=\"fusion-column-wrapper fusion-column-has-shadow fusion-flex-justify-content-flex-start fusion-content-layout-column\"><div class=\"fusion-text fusion-text-1\" style=\"--awb-content-alignment:justify;\"><p style=\"text-align: justify;\">Odgovorni za sadr\u017eaj ovih stranica: Fahrzeugbedarf Kotz &amp; Co. KG<\/p>\n<p>Adresa: Magistralni put bb, 75000 Tuzla<\/p>\n<p style=\"text-align: justify;\">Telefon: <a href=\"tel:0038735803125\">+387 35 803 125<\/a><br \/>\nE-po\u0161ta: <a href=\"mailto:ralparts@gmail.com\">ralparts@gmail.com<\/a><br \/>\nWeb stranica: <a href=\"https:\/\/fahrzeugbedarf.at\/bs\/\">www.fahrzeugbedarf.at<\/a><\/p>\n<p>Poslovna svrha: Veleprodaja autodijelova<\/p>\n<p>Sjedi\u0161te kompanije: Tuzla<\/p>\n<p>Mati\u010dni broj kompanije: 032-0-REG-09-000112<br \/>\nIdentifikacioni broj: 4209930650006<br \/>\nPDV broj: 209930650006<\/p>\n<hr \/>\n<p style=\"text-align: justify;\">Koncept i tehni\u010dka implementacija: <a href=\"https:\/\/www.marketing-platzhirsch.at\/\" target=\"_blank\" rel=\"noopener noreferrer\">Mario Wagner, Marketing Platzhirsch WM GmbH<\/a><\/p>\n<hr \/>\n<p style=\"text-align: justify;\"><strong>Odricanje odgovornosti<\/strong><\/p>\n<p style=\"text-align: justify;\"><strong>1. Sadr\u017eaj online ponude<\/strong><\/p>\n<p style=\"text-align: justify;\">Autor ne preuzima nikakvu odgovornost za aktuelnost, ta\u010dnost, potpunost ili kvalitet pru\u017eenih informacija. Zahtjevi za odgovornost prema autoru koji se odnose na materijalnu ili nematerijalnu \u0161tetu uzrokovanu kori\u0161tenjem ili nekori\u0161tenjem pru\u017eenih informacija ili kori\u0161tenjem neta\u010dnih ili nepotpunih informacija, u principu su isklju\u010deni, osim ako se ne mo\u017ee dokazati da je autor djelovao s namjerom ili grubom nepa\u017enjom. Sve ponude su neobavezuju\u0107e i podlo\u017ene su promjenama. Autor izri\u010dito zadr\u017eava pravo da mijenja, dopunjuje ili bri\u0161e dijelove stranica ili cijelu ponudu, ili da privremeno ili trajno prekine njihovo objavljivanje bez prethodne najave.<\/p>\n<p style=\"text-align: justify;\"><strong>2. Reference i linkovi<\/strong><\/p>\n<p style=\"text-align: justify;\">U slu\u010daju direktnih ili indirektnih referenci na eksterne web stranice (\u201ehiperlinkovi\u201c) koje su izvan podru\u010dja odgovornosti autora, odgovornost bi stupila na snagu samo ako je autor bio upoznat sa sadr\u017eajem i ako bi mu bilo tehni\u010dki mogu\u0107e i razumno sprije\u010diti kori\u0161tenje u slu\u010daju ilegalnog sadr\u017eaja.<\/p>\n<p style=\"text-align: justify;\">Autor ovim izri\u010dito izjavljuje da u vrijeme kreiranja linkova nije bilo mogu\u0107e uo\u010diti nikakav ilegalni sadr\u017eaj na povezanim stranicama. Autor nema nikakav utjecaj na trenutni i budu\u0107i dizajn, sadr\u017eaj ili autorstvo povezanih stranica. Stoga se izri\u010dito distancira od svih sadr\u017eaja na svim povezanim stranicama koji su promijenjeni nakon kreiranja linkova. Ova izjava se odnosi na sve linkove i reference postavljene unutar autorove vlastite web stranice, kao i na unose tre\u0107ih strana u knjigama gostiju, forumima za diskusiju, direktorijima linkova, mailing listama i svim drugim oblicima baza podataka koje je postavio autor, a \u010dijem sadr\u017eaju je mogu\u0107 eksterni pristup pisanju. Za ilegalni, neta\u010dni ili nepotpuni sadr\u017eaj, a posebno za \u0161tetu nastalu kori\u0161tenjem ili nekori\u0161tenjem takvih informacija, isklju\u010divo je odgovoran pru\u017eatelj stranice na koju se upu\u0107uje, a ne strana koja se putem linkova samo poziva na odgovaraju\u0107u publikaciju.<\/p>\n<p style=\"text-align: justify;\"><strong>3. Autorsko pravo i zakon o za\u0161titnim znakovima<\/strong><\/p>\n<p style=\"text-align: justify;\">Autor se trudi da po\u0161tuje autorska prava slika, grafika, audio dokumenata, video sekvenci i tekstova kori\u0161tenih u svim publikacijama, da koristi slike, grafike, audio dokumente, video sekvence i tekstove koje je sam kreirao ili da koristi grafike, audio dokumente, video sekvence i tekstove bez licence.<\/p>\n<p style=\"text-align: justify;\">Svi brendovi i za\u0161titni znakovi spomenuti na ovoj web stranici, a eventualno za\u0161ti\u0107eni od strane tre\u0107ih strana, podlije\u017eu bez ograni\u010denja odredbama va\u017ee\u0107eg zakona o za\u0161titnim znakovima i pravima vlasni\u0161tva odgovaraju\u0107ih registrovanih vlasnika. Samo spominjanje za\u0161titnog znaka ne podrazumijeva da on nije za\u0161ti\u0107en pravima tre\u0107ih strana.<\/p>\n<p style=\"text-align: justify;\">Autorska prava za objavljeni materijal koji je kreirao autor ostaju isklju\u010divo kod autora ovih stranica. Reprodukcija ili kori\u0161tenje takvih grafika, audio dokumenata, video sekvenci i tekstova u drugim elektronskim ili \u0161tampanim publikacijama nije dozvoljeno bez izri\u010dite saglasnosti autora. Ukoliko bilo koji element moje web stranice kr\u0161i bilo koje autorsko pravo ili povrijedi bilo koju osobu, molim vas da me odmah obavijestite kako bi se doti\u010dni element mogao ukloniti. Svako ko preduzme pravne radnje bez prethodne najave djeluje nezakonito protiv mene (zloupotreba prava).<\/p>\n<p style=\"text-align: justify;\"><strong>4. Za\u0161tita podataka<\/strong><\/p>\n<p style=\"text-align: justify;\">Ukoliko web stranica nudi mogu\u0107nost unosa li\u010dnih ili poslovnih podataka (e-mail adrese, imena, adrese), otkrivanje ovih podataka od strane korisnika je izri\u010dito dobrovoljno. Kori\u0161tenje i pla\u0107anje svih ponu\u0111enih usluga je dozvoljeno &#8211; u mjeri u kojoj je to tehni\u010dki mogu\u0107e i razumno &#8211; bez davanja takvih podataka ili davanjem anonimiziranih podataka ili pseudonima. Zabranjeno je kori\u0161tenje kontaktnih podataka objavljenih u impresumu ili sli\u010dnih informacija, kao \u0161to su po\u0161tanske adrese, brojevi telefona i faksa, te e-mail adrese od strane tre\u0107ih strana za slanje ne\u017eeljenih informacija. Pravne mjere protiv po\u0161iljatelja tzv. spam e-mailova u slu\u010daju kr\u0161enja ove zabrane su izri\u010dito zadr\u017eane.<\/p>\n<p style=\"text-align: justify;\"><strong>5. Pravna valjanost ove izjave o odricanju odgovornosti<\/strong><\/p>\n<p style=\"text-align: justify;\">Ova izjava o odricanju odgovornosti treba se smatrati dijelom internet publikacije s koje je ova stranica povezana. Ukoliko bilo koji dio ili pojedina\u010dna formulacija ovog teksta nije, vi\u0161e nije ili nije u potpunosti u skladu s va\u017ee\u0107im zakonom, sadr\u017eaj i validnost preostalih dijelova dokumenta ostaju nepromijenjeni.<\/p>\n<\/div><\/div><\/div><\/div><\/div>\n","protected":false},"excerpt":{"rendered":"","protected":false},"author":1,"featured_media":0,"parent":0,"menu_order":0,"comment_status":"closed","ping_status":"closed","template":"","meta":{"footnotes":""},"class_list":["post-9634","page","type-page","status-publish","hentry"],"_links":{"self":[{"href":"https:\/\/fahrzeugbedarf.at\/bs\/wp-json\/wp\/v2\/pages\/9634","targetHints":{"allow":["GET"]}}],"collection":[{"href":"https:\/\/fahrzeugbedarf.at\/bs\/wp-json\/wp\/v2\/pages"}],"about":[{"href":"https:\/\/fahrzeugbedarf.at\/bs\/wp-json\/wp\/v2\/types\/page"}],"author":[{"embeddable":true,"href":"https:\/\/fahrzeugbedarf.at\/bs\/wp-json\/wp\/v2\/users\/1"}],"replies":[{"embeddable":true,"href":"https:\/\/fahrzeugbedarf.at\/bs\/wp-json\/wp\/v2\/comments?post=9634"}],"version-history":[{"count":4,"href":"https:\/\/fahrzeugbedarf.at\/bs\/wp-json\/wp\/v2\/pages\/9634\/revisions"}],"predecessor-version":[{"id":10830,"href":"https:\/\/fahrzeugbedarf.at\/bs\/wp-json\/wp\/v2\/pages\/9634\/revisions\/10830"}],"wp:attachment":[{"href":"https:\/\/fahrzeugbedarf.at\/bs\/wp-json\/wp\/v2\/media?parent=9634"}],"curies":[{"name":"wp","href":"https:\/\/api.w.org\/{rel}","templated":true}]}}