{"id":6370,"date":"2024-07-17T13:44:31","date_gmt":"2024-07-17T11:44:31","guid":{"rendered":"https:\/\/fahrzeugbedarf.at\/zastita-podataka\/"},"modified":"2025-10-06T14:33:47","modified_gmt":"2025-10-06T12:33:47","slug":"zastita-podataka","status":"publish","type":"page","link":"https:\/\/fahrzeugbedarf.at\/hr\/zastita-podataka\/","title":{"rendered":"ZA\u0160TITA PODATAKA"},"content":{"rendered":"<div class=\"fusion-fullwidth fullwidth-box fusion-builder-row-1 fusion-flex-container has-pattern-background has-mask-background nonhundred-percent-fullwidth non-hundred-percent-height-scrolling\" style=\"--awb-border-radius-top-left:0px;--awb-border-radius-top-right:0px;--awb-border-radius-bottom-right:0px;--awb-border-radius-bottom-left:0px;--awb-flex-wrap:wrap;\" ><div class=\"fusion-builder-row fusion-row fusion-flex-align-items-flex-start fusion-flex-content-wrap\" style=\"max-width:1310.4px;margin-left: calc(-4% \/ 2 );margin-right: calc(-4% \/ 2 );\"><div class=\"fusion-layout-column fusion_builder_column fusion-builder-column-0 fusion_builder_column_1_1 1_1 fusion-flex-column\" style=\"--awb-bg-size:cover;--awb-width-large:100%;--awb-margin-top-large:0px;--awb-spacing-right-large:1.92%;--awb-margin-bottom-large:20px;--awb-spacing-left-large:1.92%;--awb-width-medium:100%;--awb-order-medium:0;--awb-spacing-right-medium:1.92%;--awb-spacing-left-medium:1.92%;--awb-width-small:100%;--awb-order-small:0;--awb-spacing-right-small:1.92%;--awb-spacing-left-small:1.92%;\"><div class=\"fusion-column-wrapper fusion-column-has-shadow fusion-flex-justify-content-flex-start fusion-content-layout-column\"><div class=\"fusion-text fusion-text-1\"><p style=\"text-align: justify;\">Operateri ovih web stranica vrlo ozbiljno shva\u0107aju za\u0161titu va\u0161ih osobnih podataka. S va\u0161im osobnim podacima postupamo povjerljivo i u skladu sa zakonskim propisima o za\u0161titi podataka i ovom politikom privatnosti. <\/p>\n<p style=\"text-align: justify;\">Na\u0161u web stranicu op\u0107enito mo\u017eete koristiti bez davanja ikakvih osobnih podataka. Ako se na na\u0161oj web stranici prikupljaju osobni podaci (poput imena, telefonskog broja ili adrese e-po\u0161te), to se uvijek \u010dini na dobrovoljnoj osnovi, gdje god je to mogu\u0107e. Ovi podaci ne\u0107e biti dijeljeni s tre\u0107im stranama bez va\u0161eg izri\u010ditog pristanka.  <\/p>\n<p style=\"text-align: justify;\"><strong>Kola\u010di\u0107i<\/strong><\/p>\n<p style=\"text-align: justify;\">Neke od na\u0161ih web stranica koriste takozvane kola\u010di\u0107e. Kola\u010di\u0107i ne \u0161tete va\u0161em ra\u010dunalu i ne sadr\u017ee viruse. Kola\u010di\u0107i se koriste kako bi na\u0161a web stranica bila jednostavnija za kori\u0161tenje, u\u010dinkovitija i sigurnija. Kola\u010di\u0107i su male tekstualne datoteke koje se pohranjuju na va\u0161em ra\u010dunalu i sprema ih va\u0161 preglednik.   <\/p>\n<p style=\"text-align: justify;\">Ve\u0107ina kola\u010di\u0107a koje koristimo su takozvani &#8220;kola\u010di\u0107i sesije&#8221;. Automatski se bri\u0161u nakon va\u0161eg posjeta. Ostali kola\u010di\u0107i ostaju pohranjeni na va\u0161em ure\u0111aju dok ih ne izbri\u0161ete. Ovi kola\u010di\u0107i nam omogu\u0107uju prepoznavanje va\u0161eg preglednika prilikom sljede\u0107eg posjeta.   <\/p>\n<p style=\"text-align: justify;\">Svoj preglednik mo\u017eete konfigurirati tako da vas obavje\u0161tava o kori\u0161tenju kola\u010di\u0107a, da prihva\u0107a kola\u010di\u0107e samo od slu\u010daja do slu\u010daja, da isklju\u010duje kola\u010di\u0107e za odre\u0111ene slu\u010dajeve ili op\u0107enito te da automatski bri\u0161e kola\u010di\u0107e prilikom zatvaranja preglednika. Onemogu\u0107avanje kola\u010di\u0107a mo\u017ee ograni\u010diti funkcionalnost ove web stranice. <\/p>\n<p style=\"text-align: justify;\"><strong>Datoteke zapisnika poslu\u017eitelja<\/strong><\/p>\n<p style=\"text-align: justify;\">Pru\u017eatelj web stranice automatski prikuplja i pohranjuje informacije u takozvanim datotekama zapisnika poslu\u017eitelja, koje nam va\u0161 preglednik automatski prenosi. To uklju\u010duje: <\/p>\n<p style=\"text-align: justify;\">Vrsta i verzija preglednika, kori\u0161teni operativni sustav, URL reference,<br \/>\n Naziv hosta ra\u010dunala koje pristupa, vrijeme zahtjeva poslu\u017eitelja<\/p>\n<p style=\"text-align: justify;\">Ovi se podaci ne mogu dodijeliti odre\u0111enim pojedincima. Ovi se podaci ne\u0107e spajati s drugim izvorima podataka. Pridr\u017eavamo pravo naknadnog pregleda ovih podataka ako postanemo svjesni konkretnih dokaza o nezakonitoj upotrebi.  <\/p>\n<p style=\"text-align: justify;\"><strong>Kontaktni obrazac<\/strong><\/p>\n<p style=\"text-align: justify;\">Ako nam po\u0161aljete upite putem kontakt obrasca, va\u0161e podatke iz obrasca, uklju\u010duju\u0107i kontaktne podatke koje ste tamo naveli, pohranit \u0107emo u svrhu obrade va\u0161eg upita i u slu\u010daju dodatnih pitanja. Ove podatke ne\u0107emo dijeliti bez va\u0161eg pristanka. <\/p>\n<p style=\"text-align: justify;\"><strong>Podaci iz biltena<\/strong><\/p>\n<p style=\"text-align: justify;\">Ako \u017eelite primati newsletter koji se nudi na web stranici, potrebna nam je va\u0161a adresa e-po\u0161te, kao i podaci koji nam omogu\u0107uju da provjerimo jeste li vlasnik navedene adrese e-po\u0161te i da se sla\u017eete s primanjem newslettera. Ne prikupljaju se nikakvi daljnji podaci. Ove podatke koristimo isklju\u010divo za slanje tra\u017eenih informacija i ne dijelimo ih s tre\u0107im stranama.  <\/p>\n<p style=\"text-align: justify;\">Svoju privolu za pohranu va\u0161ih podataka, va\u0161e adrese e-po\u0161te i njezino kori\u0161tenje za slanje newslettera mo\u017eete opozvati u bilo kojem trenutku, na primjer putem poveznice \u201eodjava\u201c u newsletteru.<\/p>\n<p style=\"text-align: justify;\"><strong>Matomo<\/strong><\/p>\n<p style=\"text-align: justify;\">Ova web stranica koristi uslugu web analitike otvorenog koda Matomo. Matomo koristi tehnologije koje omogu\u0107uju prepoznavanje korisnika na vi\u0161e stranica kako bi analizirao pona\u0161anje korisnika (npr. kola\u010di\u0107e ili otiske prstiju ure\u0111aja). Informacije koje Matomo prikuplja o kori\u0161tenju ove web stranice pohranjuju se na na\u0161em poslu\u017eitelju. IP adresa se anonimizira prije spremanja.   <\/p>\n<p style=\"text-align: justify;\">Pomo\u0107u Matoma mo\u017eemo prikupljati i analizirati podatke o kori\u0161tenju na\u0161e web stranice od strane posjetitelja. To nam omogu\u0107uje da utvrdimo, izme\u0111u ostalog, kada i koji su pregledi stranica napravljeni te iz koje regije potje\u010du. Tako\u0111er bilje\u017eimo razli\u010dite datoteke zapisnika (npr. IP adresu, referer, kori\u0161tene preglednike i operativne sustave) i mo\u017eemo mjeriti izvr\u0161avaju li posjetitelji na\u0161e web stranice odre\u0111ene radnje (npr. klikove, kupnje itd.).  <\/p>\n<p style=\"text-align: justify;\">Ovaj alat za analizu koristi se na temelju \u010dlanka 6. stavka 1. to\u010dke (f) GDPR-a. Upravitelj web stranice ima legitimni interes za analizu pona\u0161anja korisnika kako bi optimizirao svoju web stranicu i svoje ogla\u0161avanje. Ako je zatra\u017eena privola, obrada \u0107e se provoditi isklju\u010divo na temelju \u010dlanka 6. stavka 1. to\u010dke (a) GDPR-a i \u010dlanka 25. stavka 1. TTDSG-a, u mjeri u kojoj privola uklju\u010duje pohranu kola\u010di\u0107a ili pristup informacijama na korisnikovom ure\u0111aju (npr. otisak prsta ure\u0111aja) u smislu TTDSG-a. Privola se mo\u017ee opozvati u bilo kojem trenutku.        <\/p>\n<p style=\"text-align: justify;\"><strong>Deaktiviraj Matomo<\/strong><\/p>\n<p id=\"matomo_opted_in_intro\" style=\"text-align: justify;\">Imate mogu\u0107nost sprije\u010diti analizu i povezivanje bilo koje radnje koju ovdje izvr\u0161ite. To \u0107e za\u0161tititi va\u0161u privatnost, ali \u0107e tako\u0111er sprije\u010diti vlasnika da u\u010di iz va\u0161ih radnji i pobolj\u0161a upotrebljivost za vas i druge korisnike. <\/p>\n<form><input id=\"matomo_optout_checkbox\" checked type=\"checkbox\"> <label for=\"matomo_optout_checkbox\"><strong><span id=\"matomo_opted_in_label\">Va\u0161 posjet ovoj web stranici trenutno prati Matomo Web Analytics. Poni\u0161tite odabir u ovom okviru za isklju\u010divanje. <\/span><\/strong><\/label><\/form>\n<p style=\"text-align: justify;\"><strong>Anonimizacija IP-a<\/strong><\/p>\n<p style=\"text-align: justify;\">Za na\u0161u analizu s Matomom koristimo anonimizaciju IP adrese. To zna\u010di da se va\u0161a IP adresa skra\u0107uje prije analize, tako da se vi\u0161e ne mo\u017ee jasno dodijeliti vama. <\/p>\n<p style=\"text-align: justify;\"><strong>Hosting<\/strong><\/p>\n<p style=\"text-align: justify;\">Matomo hostiramo isklju\u010divo na vlastitim serverima, tako da svi analiti\u010dki podaci ostaju kod nas i ne dijele se.<\/p>\n<p style=\"text-align: justify;\">Izvor: https:\/\/www.e-recht24.de<\/p>\n<p style=\"text-align: justify;\"><strong>Facebook dodaci (gumb Svi\u0111a mi se)<\/strong><\/p>\n<p style=\"text-align: justify;\">Na\u0161a web stranica uklju\u010duje dodatke dru\u0161tvene mre\u017ee Facebook, kojom upravlja Facebook Inc., 1 Hacker Way, Menlo Park, Kalifornija 94025, SAD. Facebook dodatak mo\u017eete prepoznati po Facebook logotipu ili gumbu &#8220;Svi\u0111a mi se&#8221; na na\u0161oj stranici. Pregled Facebook dodataka mo\u017eete prona\u0107i ovdje: <a href=\"http:\/\/developers.facebook.com\/docs\/plugins\/\" target=\"_blank\" rel=\"noopener\">http:\/\/developers.facebook.com\/docs\/plugins\/.<\/a><\/p>\n<p style=\"text-align: justify;\">Kada posjetite na\u0161e stranice, putem dodatka uspostavlja se izravna veza izme\u0111u va\u0161eg preglednika i Facebook poslu\u017eitelja. Facebook tako prima informaciju da ste posjetili na\u0161u stranicu koriste\u0107i va\u0161u IP adresu. Ako kliknete gumb &#8220;Svi\u0111a mi se&#8221; na Facebooku dok ste prijavljeni na svoj Facebook ra\u010dun, mo\u017eete povezati sadr\u017eaj na\u0161ih stranica sa svojim Facebook profilom. To omogu\u0107uje Facebooku da pove\u017ee va\u0161 posjet na\u0161im stranicama s va\u0161im korisni\u010dkim ra\u010dunom. \u017deljeli bismo istaknuti da kao pru\u017eatelj usluga stranica nemamo saznanja o sadr\u017eaju prenesenih podataka niti o tome kako ih Facebook koristi. Za vi\u0161e informacija pogledajte Facebookovu politiku privatnosti na <a href=\"http:\/\/de-de.facebook.com\/policy.php.\" target=\"_blank\" rel=\"noopener\">http:\/\/de-de.facebook.com\/policy.php.<\/a>     <\/p>\n<p style=\"text-align: justify;\">Ako ne \u017eelite da Facebook pove\u017ee va\u0161 posjet na\u0161oj web stranici s va\u0161im Facebook korisni\u010dkim ra\u010dunom, odjavite se sa svog Facebook korisni\u010dkog ra\u010duna.<\/p>\n<p style=\"text-align: justify;\"><strong>YouTube<\/strong><\/p>\n<p style=\"text-align: justify;\">Na\u0161a web stranica koristi dodatke s YouTube stranice, kojom upravlja Google. Stranicu vodi YouTube, LLC, 901 Cherry Ave., San Bruno, CA 94066, SAD. Kada posjetite jednu od na\u0161ih stranica opremljenih YouTube dodatkom, uspostavlja se veza s YouTube poslu\u017eiteljima. YouTube poslu\u017eitelj dobiva obavijest koje ste od na\u0161ih stranica posjetili.<\/p>\n<p style=\"text-align: justify;\">Ako ste prijavljeni na svoj YouTube ra\u010dun, dopu\u0161tate YouTubeu da va\u0161e pona\u0161anje pregledavanja izravno pove\u017ee s va\u0161im osobnim profilom. To mo\u017eete sprije\u010diti odjavom sa svog YouTube ra\u010duna. <\/p>\n<p style=\"text-align: justify;\">Dodatne informacije o tome kako se obra\u0111uju korisni\u010dki podaci mo\u017eete prona\u0107i u pravilima o privatnosti YouTubea na: <a href=\"https:\/\/www.google.de\/intl\/de\/policies\/privacy\" target=\"_blank\" rel=\"noopener\">https:\/\/www.google.de\/intl\/de\/policies\/privacy<\/a><\/p>\n<p style=\"text-align: justify;\"><strong>SSL enkripcija<\/strong><\/p>\n<p style=\"text-align: justify;\">Iz sigurnosnih razloga i radi za\u0161tite prijenosa povjerljivog sadr\u017eaja, ova stranica koristi<\/p>\n<p style=\"text-align: justify;\">Na primjer, zahtjevi koje nam \u0161aljete kao operateru web stranice su SSL \u0161ifrirani. \u0160ifriranu vezu mo\u017eete prepoznati po tome \u0161to se adresna traka preglednika mijenja iz &#8220;http:\/\/&#8221; u &#8220;https:\/\/&#8221; i po simbolu lokota u adresnoj traci va\u0161eg preglednika. <\/p>\n<p style=\"text-align: justify;\">Ako je SSL enkripcija aktivirana, podatke koje nam \u0161aljete ne mogu pro\u010ditati tre\u0107e strane.<\/p>\n<p style=\"text-align: justify;\"><strong>Izjava o pravnom lijeku<\/strong><\/p>\n<p style=\"text-align: justify;\">Op\u0107enito imate pravo na informacije, ispravak, brisanje, ograni\u010denje, prenosivost podataka i prigovor. Mo\u017eete nas kontaktirati u bilo kojem trenutku na adresi navedenoj u pravnoj obavijesti ako imate bilo kakvih pitanja o ovome ili drugim problemima koji se odnose na osobne podatke.<br \/>\n Ako smatrate da obrada va\u0161ih podataka kr\u0161i zakon o za\u0161titi podataka ili da su va\u0161a prava na za\u0161titu podataka prekr\u0161ena na bilo koji drugi na\u010din, mo\u017eete podnijeti pritu\u017ebu nadzornom tijelu. U Austriji je za to odgovorno <a href=\"http:\/\/dsb.gv.at\/?__hstc=252505686.0cb8b8a7ae89341185cb26d399dd82c9.1522161305916.1522161305916.1522161305916.1&amp;__hssc=252505686.2.1522161305916&amp;__hsfp=1706476225\" target=\"_blank\" rel=\"noopener\">Tijelo za za\u0161titu podataka<\/a> .  <\/p>\n<p style=\"text-align: justify;\"><strong>Prigovor na reklamne e-poruke<\/strong><\/p>\n<p style=\"text-align: justify;\">Kori\u0161tenje kontaktnih podataka objavljenih u skladu s obvezom impresuma za slanje ne\u017eeljenih reklamnih i informativnih materijala ovime je zabranjeno. Operateri web stranice izri\u010dito zadr\u017eavaju pravo poduzimanja pravnih mjera u slu\u010daju slanja ne\u017eeljenih reklamnih informacija, na primjer putem ne\u017eeljene e-po\u0161te. <\/p>\n<\/div><\/div><\/div><\/div><\/div>\n","protected":false},"excerpt":{"rendered":"","protected":false},"author":1,"featured_media":0,"parent":0,"menu_order":0,"comment_status":"closed","ping_status":"closed","template":"","meta":{"footnotes":""},"class_list":["post-6370","page","type-page","status-publish","hentry"],"_links":{"self":[{"href":"https:\/\/fahrzeugbedarf.at\/hr\/wp-json\/wp\/v2\/pages\/6370","targetHints":{"allow":["GET"]}}],"collection":[{"href":"https:\/\/fahrzeugbedarf.at\/hr\/wp-json\/wp\/v2\/pages"}],"about":[{"href":"https:\/\/fahrzeugbedarf.at\/hr\/wp-json\/wp\/v2\/types\/page"}],"author":[{"embeddable":true,"href":"https:\/\/fahrzeugbedarf.at\/hr\/wp-json\/wp\/v2\/users\/1"}],"replies":[{"embeddable":true,"href":"https:\/\/fahrzeugbedarf.at\/hr\/wp-json\/wp\/v2\/comments?post=6370"}],"version-history":[{"count":0,"href":"https:\/\/fahrzeugbedarf.at\/hr\/wp-json\/wp\/v2\/pages\/6370\/revisions"}],"wp:attachment":[{"href":"https:\/\/fahrzeugbedarf.at\/hr\/wp-json\/wp\/v2\/media?parent=6370"}],"curies":[{"name":"wp","href":"https:\/\/api.w.org\/{rel}","templated":true}]}}