{"id":18072,"date":"2026-02-18T14:17:36","date_gmt":"2026-02-18T13:17:36","guid":{"rendered":"https:\/\/fahrzeugbedarf.at\/spletna-trgovina-z-deli-za-gospodarska-vozila\/"},"modified":"2026-02-18T15:34:07","modified_gmt":"2026-02-18T14:34:07","slug":"spletna-trgovina-z-deli-za-gospodarska-vozila","status":"publish","type":"page","link":"https:\/\/fahrzeugbedarf.at\/sl\/spletna-trgovina-z-deli-za-gospodarska-vozila\/","title":{"rendered":"Spletna trgovina z deli za gospodarska vozila"},"content":{"rendered":"<p><div class=\"fusion-fullwidth fullwidth-box fusion-builder-row-1 fusion-flex-container has-pattern-background has-mask-background nonhundred-percent-fullwidth non-hundred-percent-height-scrolling\" style=\"--awb-border-radius-top-left:0px;--awb-border-radius-top-right:0px;--awb-border-radius-bottom-right:0px;--awb-border-radius-bottom-left:0px;--awb-flex-wrap:wrap;\" ><div class=\"fusion-builder-row fusion-row fusion-flex-align-items-flex-start fusion-flex-content-wrap\" style=\"max-width:1310.4px;margin-left: calc(-4% \/ 2 );margin-right: calc(-4% \/ 2 );\"><div class=\"fusion-layout-column fusion_builder_column fusion-builder-column-0 fusion_builder_column_1_1 1_1 fusion-flex-column\" style=\"--awb-bg-size:cover;--awb-width-large:100%;--awb-margin-top-large:0px;--awb-spacing-right-large:1.92%;--awb-margin-bottom-large:20px;--awb-spacing-left-large:1.92%;--awb-width-medium:100%;--awb-order-medium:0;--awb-spacing-right-medium:1.92%;--awb-spacing-left-medium:1.92%;--awb-width-small:100%;--awb-order-small:0;--awb-spacing-right-small:1.92%;--awb-spacing-left-small:1.92%;\"><div class=\"fusion-column-wrapper fusion-column-has-shadow fusion-flex-justify-content-flex-start fusion-content-layout-column\"><div class=\"fusion-title title fusion-title-1 fusion-sep-none fusion-title-center fusion-title-text fusion-title-size-one\" style=\"--awb-margin-top-small:0px;--awb-margin-right-small:0px;--awb-margin-bottom-small:20px;--awb-margin-left-small:0px;\"><h1 class=\"fusion-title-heading title-heading-center fusion-responsive-typography-calculated\" style=\"margin:0;text-transform:none;--fontSize:48;line-height:var(--awb-typography1-line-height);\">Spletna trgovina z deli za gospodarska vozila<\/h1><\/div><div class=\"fusion-text fusion-text-1\"><p>Pri mirujo\u010dem gospodarskem vozilu ni pomembna teorija, temve\u010d razpolo\u017eljivost, natan\u010dnost vgradnje in postopek, ki deluje v vsakodnevnem delovanju delavnice. Prav temu je namenjena spletna trgovina z zahtevami za vozila: v njej boste na\u0161li rezervne dele za gospodarska vozila in tovornjake v \u0161iroki ponudbi, ki je strukturirana po podro\u010djih vozil in skupinah sestavnih delov ter ima jasno usmeritev za izbiro. <\/p>\n<p>Podjetje Fahrzeugbedarf, ki je celovit dobavitelj delov za gospodarska vozila, ima na zalogi ve\u010d kot 350.000 izdelkov in je \u010dlan skupine BPW. To je kombinacija \u0161irine ponudbe delov in specializacije za klasi\u010dne teme gospodarskih vozil, kot so podvozje, zavorna tehnologija in osni sistemi. <\/p>\n<p>Va\u0161 cilj: hitro poi\u0161\u010dite pravi del in pojdite neposredno v trgovino.<br \/>\nVa\u0161a prednost: manj \u010dasa za iskanje, manj napa\u010dnih naro\u010dil, ve\u010dja predvidljivost.<\/p>\n<\/div><div class=\"fusion-text fusion-text-2\"><h2>Za katera podro\u010dja je izdelana spletna trgovina<\/h2>\n<p>Zahteve se v vsakdanjem \u017eivljenju zelo razlikujejo. Vozni park potrebuje hitro zamenjavo, delavnica \u017eeli jasno prepoznavne dele, proizvajalci vozil pa so pozorni na zdru\u017eljivost sistemov. Trgovina je zasnovana prav za to podro\u010dje.  <\/p>\n<ul>\n<li>Tipi\u010dna podro\u010dja uporabe<\/li>\n<li>Tovornjaki in traktorji<\/li>\n<li>Prikolice in prikolice<\/li>\n<li>Avtobusi in kombiji<\/li>\n<li>Uporaba v kmetijstvu<\/li>\n<li>Industrija in proizvodnja vozil Komponente<\/li>\n<\/ul>\n<\/div><div class=\"fusion-image-element \" style=\"--awb-caption-title-font-family:var(--h2_typography-font-family);--awb-caption-title-font-weight:var(--h2_typography-font-weight);--awb-caption-title-font-style:var(--h2_typography-font-style);--awb-caption-title-size:var(--h2_typography-font-size);--awb-caption-title-transform:var(--h2_typography-text-transform);--awb-caption-title-line-height:var(--h2_typography-line-height);--awb-caption-title-letter-spacing:var(--h2_typography-letter-spacing);\"><span class=\" fusion-imageframe imageframe-none imageframe-1 hover-type-none\"><img decoding=\"async\" width=\"1536\" height=\"842\" alt=\"deli za gospodarska vozila\" title=\"gospodarska vozila\" src=\"data:image\/svg+xml,%3Csvg%20xmlns%3D%27http%3A%2F%2Fwww.w3.org%2F2000%2Fsvg%27%20width%3D%271536%27%20height%3D%27842%27%20viewBox%3D%270%200%201536%20842%27%3E%3Crect%20width%3D%271536%27%20height%3D%27842%27%20fill-opacity%3D%220%22%2F%3E%3C%2Fsvg%3E\" data-orig-src=\"https:\/\/fahrzeugbedarf.at\/wp-content\/uploads\/2026\/02\/nutzfahrzeuge.jpg\" class=\"lazyload img-responsive wp-image-18116\"\/><\/span><\/div><div class=\"fusion-text fusion-text-3\"><h3>Kako v nekaj korakih poiskati pravi del za gospodarska vozila<\/h3>\n<p><strong>1. za\u010dnite z ustrezno glavno kategorijo<\/strong><\/p>\n<p>V spletni trgovini boste na\u0161li jasne glavne kategorije, na primer izpu\u0161ni sistem, zavorni sistem, sistem stisnjenega zraka, elektrika ali kabina in karoserija. Tako boste hitro pri\u0161li do pravega sveta sestavnih delov, ne da bi se vam bilo treba prebijati med neustreznimi zadetki. <\/p>\n<p><strong>2. razmi\u0161ljajte v sistemih in ne le v posameznih delih.<\/strong><\/p>\n<p>V gospodarskih vozilih so sestavni deli med seboj povezani. Zavorne tehnologije, osni sistemi, sistemi podvozja in osvetlitev so pogosto sistemsko povezani. Fahrzeugbedarf ta podro\u010dja ozna\u010duje tudi kot klju\u010dne kompetence, kar vam olaj\u0161a orientacijo v ponudbi.  <\/p>\n<p><strong>3. zavestno preverite razpolo\u017eljivost<\/strong><\/p>\n<p>Informacije o razpolo\u017eljivosti so prikazane v trgovini, na primer na voljo, delno na voljo ali na voljo v 2 do 3 delovnih dneh. To je koristno, \u010de na\u010drtujete popravila ali imate rezervne dele na zalogi. <\/p>\n<p><strong>4. uporabite kategorijo Logika za hitrej\u0161e spreminjanje vrstnega reda<\/strong><\/p>\n<p>\u010ce redno potrebujete iste skupine delov, je kategorija Struktura va\u0161 prijatelj. Ko ste pravilno razvr\u0161\u010deni v kategorije, postane dopolnjevanje rutinsko.<\/p>\n<\/div><div class=\"fusion-text fusion-text-4\"><h2>Zakaj je Fahrzeugbedarf prepri\u010dljiv partner v spletni trgovini<\/h2>\n<p><strong>Celoten obseg z globino<\/strong><\/p>\n<p>Ve\u010d kot 350.000 \u010dlankov ni marketin\u0161ka fraza, temve\u010d jasno sporo\u010dilo za delavnice in vozne parke: zmanj\u0161ate \u0161tevilo menjav dobaviteljev, se izognete vrzelim in lahko z enim vnosom v trgovino dostopate do \u0161tevilnih skupin delov.<\/p>\n<p><strong>Skupina BPW kot snov, ne kot oznaka<\/strong><\/p>\n<p>Fahrzeugbedarf je \u010dlan skupine BPW in je bil ustanovljen kot specializirano prodajno podjetje BPW Bergische Achsenfabrik. To je pomembno, ker je zaradi tega specializacija v okolju gospodarskih vozil verjetna, zlasti na podro\u010djih, povezanih s podvozjem in osmi. <\/p>\n<p><strong>Ponudba izdelkov Osrednje to\u010dke, ki so pomembne v vsakdanjem \u017eivljenju<\/strong><\/p>\n<p>Portfelj podjetja Fahrzeugbedarf vklju\u010duje: Kot partner BPW ima F\u00e4hrzefargefbedarfeld na voljo: dele za gospodarska vozila in rezervne dele za tovornjake, sisteme podvozja, zavorne tehnologije in osne sisteme, sisteme razsvetljave, posebno orodje za delavnice, telematske re\u0161itve za tovornjake in prikolice ter sestavne dele za konstrukcijo vozil. Ta ponudba je idealna, \u010de \u017eelite ne le re\u0161iti te\u017eavo, temve\u010d tudi ohraniti stabilne procese.<\/p>\n<\/div><div class=\"fusion-text fusion-text-5\"><h3>Lokacije, nasveti in regionalnost<\/h3>\n<p>Tudi \u010de naro\u010date prek spleta, je \u0161e vedno klju\u010dnega pomena kontaktna oseba, ki razume, kaj potrebujete. Podjetje Fahrzeugbedarf ima v Avstriji ve\u010d lokacij, med drugim Tribuswinkel, Kalsdorf, Kolsass, Linz in Villach. Lokacije so tudi v Bosni in na Hrva\u0161kem, kar ka\u017ee na \u0161iroko logisti\u010dno pokritost.  <\/p>\n<p>\u010ce potrebujete regionalne pristojnosti, so te prav tako prikazane, na primer na spletnem mestu Tribuswinkel, ki je pristojno za Spodnjo Avstrijo, Dunaj ter severno in osrednjo Gradi\u0161\u010dansko.<\/p>\n<\/div><div class=\"fusion-image-element \" style=\"--awb-caption-title-font-family:var(--h2_typography-font-family);--awb-caption-title-font-weight:var(--h2_typography-font-weight);--awb-caption-title-font-style:var(--h2_typography-font-style);--awb-caption-title-size:var(--h2_typography-font-size);--awb-caption-title-transform:var(--h2_typography-text-transform);--awb-caption-title-line-height:var(--h2_typography-line-height);--awb-caption-title-letter-spacing:var(--h2_typography-letter-spacing);\"><span class=\" fusion-imageframe imageframe-none imageframe-2 hover-type-none\"><img decoding=\"async\" width=\"1536\" height=\"842\" alt=\"deli za gospodarska vozila\" title=\"gospodarska vozila-1\" src=\"data:image\/svg+xml,%3Csvg%20xmlns%3D%27http%3A%2F%2Fwww.w3.org%2F2000%2Fsvg%27%20width%3D%271536%27%20height%3D%27842%27%20viewBox%3D%270%200%201536%20842%27%3E%3Crect%20width%3D%271536%27%20height%3D%27842%27%20fill-opacity%3D%220%22%2F%3E%3C%2Fsvg%3E\" data-orig-src=\"https:\/\/fahrzeugbedarf.at\/wp-content\/uploads\/2026\/02\/nutzfahrzeuge-1.jpg\" class=\"lazyload img-responsive wp-image-18117\"\/><\/span><\/div><\/div><\/div><div class=\"fusion-layout-column fusion_builder_column fusion-builder-column-1 fusion_builder_column_1_1 1_1 fusion-flex-column\" style=\"--awb-bg-size:cover;--awb-width-large:100%;--awb-margin-top-large:0px;--awb-spacing-right-large:1.92%;--awb-margin-bottom-large:20px;--awb-spacing-left-large:1.92%;--awb-width-medium:100%;--awb-order-medium:0;--awb-spacing-right-medium:1.92%;--awb-spacing-left-medium:1.92%;--awb-width-small:100%;--awb-order-small:0;--awb-spacing-right-small:1.92%;--awb-spacing-left-small:1.92%;\"><div class=\"fusion-column-wrapper fusion-column-has-shadow fusion-flex-justify-content-flex-start fusion-content-layout-column\"><div class=\"fusion-title title fusion-title-2 fusion-sep-none fusion-title-center fusion-title-text fusion-title-size-two\" style=\"--awb-margin-top-small:0px;--awb-margin-right-small:0px;--awb-margin-bottom-small:20px;--awb-margin-left-small:0px;\"><h2 class=\"fusion-title-heading title-heading-center fusion-responsive-typography-calculated\" style=\"margin:0;text-transform:none;--fontSize:38;line-height:1.4;\">Za strokovnjake: kako prihraniti \u010das pri izbiri delov<\/h2><\/div><div class=\"fusion-builder-row fusion-builder-row-inner fusion-row fusion-flex-align-items-flex-start fusion-flex-content-wrap\" style=\"--awb-flex-grow:0;--awb-flex-grow-medium:0;--awb-flex-grow-small:0;--awb-flex-shrink:0;--awb-flex-shrink-medium:0;--awb-flex-shrink-small:0;width:104% !important;max-width:104% !important;margin-left: calc(-4% \/ 2 );margin-right: calc(-4% \/ 2 );\"><div class=\"fusion-layout-column fusion_builder_column_inner fusion-builder-nested-column-0 fusion_builder_column_inner_1_2 1_2 fusion-flex-column\" style=\"--awb-bg-size:cover;--awb-width-large:50%;--awb-margin-top-large:0px;--awb-spacing-right-large:3.84%;--awb-margin-bottom-large:20px;--awb-spacing-left-large:3.84%;--awb-width-medium:100%;--awb-order-medium:0;--awb-spacing-right-medium:1.92%;--awb-spacing-left-medium:1.92%;--awb-width-small:100%;--awb-order-small:0;--awb-spacing-right-small:1.92%;--awb-spacing-left-small:1.92%;\"><div class=\"fusion-column-wrapper fusion-column-has-shadow fusion-flex-justify-content-flex-start fusion-content-layout-column\"><div class=\"fusion-text fusion-text-6\"><p><strong>Izogibanje tipi\u010dnim virom napak<\/strong><\/p>\n<ul>\n<li>Nejasna dodelitev skupine sestavnih delov obmo\u010dju vozila<\/li>\n<li>Zamenjava z razli\u010dicami znotraj dru\u017eine izdelkov<\/li>\n<li>Razpolo\u017eljivost ni bila preverjena glede na datum delavnice<\/li>\n<\/ul>\n<\/div><\/div><\/div><div class=\"fusion-layout-column fusion_builder_column_inner fusion-builder-nested-column-1 fusion_builder_column_inner_1_2 1_2 fusion-flex-column\" style=\"--awb-bg-size:cover;--awb-width-large:50%;--awb-margin-top-large:0px;--awb-spacing-right-large:3.84%;--awb-margin-bottom-large:20px;--awb-spacing-left-large:3.84%;--awb-width-medium:100%;--awb-order-medium:0;--awb-spacing-right-medium:1.92%;--awb-spacing-left-medium:1.92%;--awb-width-small:100%;--awb-order-small:0;--awb-spacing-right-small:1.92%;--awb-spacing-left-small:1.92%;\"><div class=\"fusion-column-wrapper fusion-column-has-shadow fusion-flex-justify-content-flex-start fusion-content-layout-column\"><div class=\"fusion-text fusion-text-7\"><p><strong>Delo z jasnim postopkom<\/strong><\/p>\n<ul>\n<li>Opredelite skupino sestavnih delov, na primer zavorni sistem ali elektrika.<\/li>\n<li>O\u017eenje s kategorijami<\/li>\n<li>Preverite razpolo\u017eljivost<\/li>\n<li>Oddajte naro\u010dilo<\/li>\n<\/ul>\n<\/div><\/div><\/div><div class=\"fusion-layout-column fusion_builder_column_inner fusion-builder-nested-column-2 fusion_builder_column_inner_1_1 1_1 fusion-flex-column\" style=\"--awb-bg-size:cover;--awb-width-large:100%;--awb-margin-top-large:0px;--awb-spacing-right-large:1.92%;--awb-margin-bottom-large:20px;--awb-spacing-left-large:1.92%;--awb-width-medium:100%;--awb-order-medium:0;--awb-spacing-right-medium:1.92%;--awb-spacing-left-medium:1.92%;--awb-width-small:100%;--awb-order-small:0;--awb-spacing-right-small:1.92%;--awb-spacing-left-small:1.92%;\"><div class=\"fusion-column-wrapper fusion-column-has-shadow fusion-flex-justify-content-flex-start fusion-content-layout-column\"><div class=\"fusion-text fusion-text-8\"><p>Izberite dele na spletu in jih naro\u010dite neposredno v <a href=\"https:\/\/shop.fahrzeugbedarf.at\" target=\"_blank\" rel=\"noopener\">spletni trgovini<\/a>.<\/p>\n<\/div><\/div><\/div><\/div><div class=\"fusion-text fusion-text-9\"><h2>Pogosta vpra\u0161anja o spletni trgovini z deli za gospodarska vozila<\/h2>\n<p><strong>Kako v spletni trgovini hitreje najdem pravi del?<\/strong><\/p>\n<p>Za\u010dnite z ustrezno glavno kategorijo, kot so zavorni sistem, elektrika ali kabina in karoserija, nato pa jo zo\u017eite v kategoriji struktura.<\/p>\n<p><strong>Ali so v trgovini na voljo informacije o razpolo\u017eljivosti<\/strong><\/p>\n<p>Da, razpolo\u017eljivost je prikazana v trgovini, na primer na voljo, delno na voljo ali na voljo v 2 do 3 delovnih dneh.<\/p>\n<p><strong>Za katera vozila je namenjen ta program<\/strong><\/p>\n<p>Fahrzeugbedarf ponuja dele za tovornjake, prikolice, avtobuse, kombije in kmetijska vozila. Kot podro\u010dja uporabe so navedeni tudi tovornjaki in prikolice ter industrija. <\/p>\n<p><strong>Katere teme so poleg klasi\u010dnih rezervnih delov zajete v zahtevah za vozila<\/strong><\/p>\n<p>Na strani z dejstvi je navedeno, da portfelj vklju\u010duje tudi posebna orodja za delavnice, telematske re\u0161itve za tovornjake in prikolice ter sestavne dele za gradnjo vozil.<\/p>\n<p><strong>Ali v Avstriji obstajajo lokacije, kjer se zahtevajo vozila?<\/strong><\/p>\n<p>Da, Fahrzeugbedarf navaja ve\u010d lokacij v Avstriji, med drugim Tribuswinkel, Kalsdorf, Kolsass, Linz in Villach.<\/p>\n<p><strong>Kaj pomeni ime podjetja Fahrzeugbedarf<\/strong><\/p>\n<p>Podjetje Fahrzeugbedarf je bilo ustanovljeno leta 1965 kot specializirano prodajno podjetje podjetja BPW Bergische Achsenfabrik in je \u010dlan skupine BPW.<\/p>\n<\/div><script type=\"application\/ld+json\">{\n  \"@context\": \"https:\/\/schema.org\",\n  \"@type\": \"FAQPage\",\n  \"mainEntity\": [\n    {\n      \"@type\": \"Question\",\n      \"name\": \"Wie finde ich im Webshop schneller das richtige Teil?\",\n      \"acceptedAnswer\": {\n        \"@type\": \"Answer\",\n        \"text\": \"Starten Sie \u00fcber die passende Hauptkategorie wie Bremsanlage, Elektrik oder Fahrerhaus und Karosserie und grenzen Sie dann in der Kategorie Struktur weiter ein.\"\n      }\n    },\n    {\n      \"@type\": \"Question\",\n      \"name\": \"Gibt es im Shop Hinweise zur Verf\u00fcgbarkeit?\",\n      \"acceptedAnswer\": {\n        \"@type\": \"Answer\",\n        \"text\": \"Ja, im Shop werden Verf\u00fcgbarkeiten ausgewiesen, zum Beispiel verf\u00fcgbar, teilweise verf\u00fcgbar oder verf\u00fcgbar innerhalb von 2 bis 3 Werktagen.\"\n      }\n    },\n    {\n      \"@type\": \"Question\",\n      \"name\": \"F\u00fcr welche Fahrzeuge ist das Sortiment ausgelegt?\",\n      \"acceptedAnswer\": {\n        \"@type\": \"Answer\",\n        \"text\": \"Fahrzeugbedarf nennt Fahrzeugteile f\u00fcr LKW, Trailer, Busse, Transporter und Agrar. Zus\u00e4tzlich werden Truck und Trailer sowie Industrie als Einsatzbereiche kommuniziert.\"\n      }\n    },\n    {\n      \"@type\": \"Question\",\n      \"name\": \"Welche Themen deckt Fahrzeugbedarf neben klassischen Ersatzteilen ab?\",\n      \"acceptedAnswer\": {\n        \"@type\": \"Answer\",\n        \"text\": \"Zum Portfolio geh\u00f6ren laut Facts Seite auch Spezialwerkzeuge f\u00fcr Werkst\u00e4tten, Telematik L\u00f6sungen f\u00fcr Truck und Trailer sowie Fahrzeugbau Komponenten.\"\n      }\n    },\n    {\n      \"@type\": \"Question\",\n      \"name\": \"Gibt es Fahrzeugbedarf Standorte in \u00d6sterreich?\",\n      \"acceptedAnswer\": {\n        \"@type\": \"Answer\",\n        \"text\": \"Ja, Fahrzeugbedarf listet mehrere Standorte in \u00d6sterreich, darunter Tribuswinkel, Kalsdorf, Kolsass, Linz und Villach.\"\n      }\n    },\n    {\n      \"@type\": \"Question\",\n      \"name\": \"Wof\u00fcr steht Fahrzeugbedarf als Unternehmen?\",\n      \"acceptedAnswer\": {\n        \"@type\": \"Answer\",\n        \"text\": \"Fahrzeugbedarf wurde 1965 als spezialisierte Vertriebsgesellschaft der BPW Bergische Achsenfabrik gegr\u00fcndet und ist Mitglied der BPW Gruppe.\"\n      }\n    }\n  ]\n}\n<\/script><\/div><\/div><\/div><\/div><div class=\"fusion-fullwidth fullwidth-box fusion-builder-row-2 fusion-flex-container has-pattern-background has-mask-background nonhundred-percent-fullwidth non-hundred-percent-height-scrolling\" style=\"--awb-border-radius-top-left:0px;--awb-border-radius-top-right:0px;--awb-border-radius-bottom-right:0px;--awb-border-radius-bottom-left:0px;--awb-flex-wrap:wrap;\" ><div class=\"fusion-builder-row fusion-row fusion-flex-align-items-flex-start fusion-flex-content-wrap\" style=\"max-width:1310.4px;margin-left: calc(-4% \/ 2 );margin-right: calc(-4% \/ 2 );\"><div class=\"fusion-layout-column fusion_builder_column fusion-builder-column-2 fusion_builder_column_1_1 1_1 fusion-flex-column\" style=\"--awb-bg-size:cover;--awb-width-large:100%;--awb-margin-top-large:0px;--awb-spacing-right-large:1.92%;--awb-margin-bottom-large:20px;--awb-spacing-left-large:1.92%;--awb-width-medium:100%;--awb-order-medium:0;--awb-spacing-right-medium:1.92%;--awb-spacing-left-medium:1.92%;--awb-width-small:100%;--awb-order-small:0;--awb-spacing-right-small:1.92%;--awb-spacing-left-small:1.92%;\"><div class=\"fusion-column-wrapper fusion-column-has-shadow fusion-flex-justify-content-flex-start fusion-content-layout-column\"><div class=\"fusion-text fusion-text-10\"><p>Ne \u017eelite ve\u010d iskati, temve\u010d naro\u010diti. Potem pojdite neposredno v spletno trgovino z zahtevami za vozila, izberite kategorijo in takoj naro\u010dite dele.<\/p>\n<\/div><div ><a class=\"fusion-button button-flat fusion-button-default-size button-default fusion-button-default button-1 fusion-button-default-span fusion-button-default-type\" target=\"_blank\" rel=\"noopener noreferrer\" title=\"V spletno trgovino\" aria-label=\"V spletno trgovino\" href=\"https:\/\/shop.fahrzeugbedarf.at\"><span class=\"fusion-button-text awb-button__text awb-button__text--default\">V spletno trgovino<\/span><\/a><\/div><\/div><\/div><\/div><\/div><\/p>\n","protected":false},"excerpt":{"rendered":"","protected":false},"author":1,"featured_media":0,"parent":0,"menu_order":0,"comment_status":"closed","ping_status":"closed","template":"100-width.php","meta":{"footnotes":""},"class_list":["post-18072","page","type-page","status-publish","hentry"],"_links":{"self":[{"href":"https:\/\/fahrzeugbedarf.at\/sl\/wp-json\/wp\/v2\/pages\/18072","targetHints":{"allow":["GET"]}}],"collection":[{"href":"https:\/\/fahrzeugbedarf.at\/sl\/wp-json\/wp\/v2\/pages"}],"about":[{"href":"https:\/\/fahrzeugbedarf.at\/sl\/wp-json\/wp\/v2\/types\/page"}],"author":[{"embeddable":true,"href":"https:\/\/fahrzeugbedarf.at\/sl\/wp-json\/wp\/v2\/users\/1"}],"replies":[{"embeddable":true,"href":"https:\/\/fahrzeugbedarf.at\/sl\/wp-json\/wp\/v2\/comments?post=18072"}],"version-history":[{"count":5,"href":"https:\/\/fahrzeugbedarf.at\/sl\/wp-json\/wp\/v2\/pages\/18072\/revisions"}],"predecessor-version":[{"id":18150,"href":"https:\/\/fahrzeugbedarf.at\/sl\/wp-json\/wp\/v2\/pages\/18072\/revisions\/18150"}],"wp:attachment":[{"href":"https:\/\/fahrzeugbedarf.at\/sl\/wp-json\/wp\/v2\/media?parent=18072"}],"curies":[{"name":"wp","href":"https:\/\/api.w.org\/{rel}","templated":true}]}}