{"id":6320,"date":"2024-08-22T10:40:09","date_gmt":"2024-08-22T08:40:09","guid":{"rendered":"https:\/\/fahrzeugbedarf.at\/fzb-alu\/"},"modified":"2025-11-11T13:34:23","modified_gmt":"2025-11-11T12:34:23","slug":"fzb-alu","status":"publish","type":"page","link":"https:\/\/fahrzeugbedarf.at\/sl\/fzb-alu\/","title":{"rendered":"FZB ALU"},"content":{"rendered":"<p><div class=\"fusion-fullwidth fullwidth-box fusion-builder-row-1 fusion-flex-container has-pattern-background has-mask-background nonhundred-percent-fullwidth non-hundred-percent-height-scrolling\" style=\"--awb-background-position:left top;--awb-border-sizes-top:0px;--awb-border-sizes-bottom:0px;--awb-border-sizes-left:0px;--awb-border-sizes-right:0px;--awb-border-radius-top-left:0px;--awb-border-radius-top-right:0px;--awb-border-radius-bottom-right:0px;--awb-border-radius-bottom-left:0px;--awb-padding-top:70px;--awb-padding-bottom:90px;--awb-flex-wrap:wrap;\" ><div class=\"fusion-builder-row fusion-row fusion-flex-align-items-flex-start fusion-flex-align-content-center fusion-flex-content-wrap\" style=\"max-width:1310.4px;margin-left: calc(-4% \/ 2 );margin-right: calc(-4% \/ 2 );\"><div class=\"fusion-layout-column fusion_builder_column fusion-builder-column-0 fusion_builder_column_1_2 1_2 fusion-flex-column\" style=\"--awb-bg-blend:overlay;--awb-bg-size:cover;--awb-width-large:50%;--awb-margin-top-large:30px;--awb-spacing-right-large:8.64%;--awb-margin-bottom-large:20px;--awb-spacing-left-large:3.84%;--awb-width-medium:100%;--awb-spacing-right-medium:1.92%;--awb-spacing-left-medium:1.92%;--awb-width-small:100%;--awb-spacing-right-small:1.92%;--awb-spacing-left-small:1.92%;\"><div class=\"fusion-column-wrapper fusion-flex-justify-content-center fusion-content-layout-column\"><div class=\"fusion-image-element \" style=\"--awb-max-width:300px;--awb-caption-title-font-family:var(--h2_typography-font-family);--awb-caption-title-font-weight:var(--h2_typography-font-weight);--awb-caption-title-font-style:var(--h2_typography-font-style);--awb-caption-title-size:var(--h2_typography-font-size);--awb-caption-title-transform:var(--h2_typography-text-transform);--awb-caption-title-line-height:var(--h2_typography-line-height);--awb-caption-title-letter-spacing:var(--h2_typography-letter-spacing);\"><span class=\" fusion-imageframe imageframe-none imageframe-1 hover-type-none\"><img decoding=\"async\" width=\"600\" height=\"172\" alt=\"FZB Alu\" title=\"FZB Alu\" src=\"data:image\/svg+xml,%3Csvg%20xmlns%3D%27http%3A%2F%2Fwww.w3.org%2F2000%2Fsvg%27%20width%3D%27600%27%20height%3D%27172%27%20viewBox%3D%270%200%20600%20172%27%3E%3Crect%20width%3D%27600%27%20height%3D%27172%27%20fill-opacity%3D%220%22%2F%3E%3C%2Fsvg%3E\" data-orig-src=\"https:\/\/fahrzeugbedarf.at\/wp-content\/uploads\/2024\/08\/fzb-alu-1.jpg\" class=\"lazyload img-responsive wp-image-2571\"\/><\/span><\/div><div class=\"fusion-separator fusion-full-width-sep\" style=\"align-self: center;margin-left: auto;margin-right: auto;margin-top:15px;width:100%;\"><\/div><div class=\"fusion-text fusion-text-1\" style=\"--awb-font-size:var(--awb-typography2-font-size);--awb-line-height:var(--awb-typography2-line-height);--awb-letter-spacing:var(--awb-typography2-letter-spacing);--awb-text-transform:var(--awb-typography2-text-transform);--awb-text-font-family:var(--awb-typography2-font-family);--awb-text-font-weight:var(--awb-typography2-font-weight);--awb-text-font-style:var(--awb-typography2-font-style);\"><p>Podjetje FZB \u017ee od leta 1999 izdeluje aluminijaste prekucne sisteme za najrazli\u010dnej\u0161e tipe vozil. Kot zdaj vodilno podjetje v panogi ponujamo obse\u017eno delo na podro\u010dju aluminija. Pri nas lahko individualno naro\u010dite razreze aluminija, obdelavo profilov, rezkanje in zapiranje. V na\u0161em proizvodnem obratu izdelujemo aluminijaste kapne stranice individualno glede na zahteve strank.<br \/>\nKapne stranice lahko naro\u010dite tudi v razli\u010dnih povr\u0161inah, na primer pra\u0161no lakirane v \u017eeleni barvi RAL.   <\/p>\n<p>Na\u0161a ekipa je sestavljena iz strokovnjakov, ki bodo kompetentno izpolnili va\u0161e zahteve. Z na\u0161im strojem CNC lahko izvajamo rezkanje po meri in na zahtevo izdelamo \u0161e veliko ve\u010d.<\/p>\n<\/div><\/div><\/div><div class=\"fusion-layout-column fusion_builder_column fusion-builder-column-1 fusion_builder_column_1_2 1_2 fusion-flex-column fusion-flex-align-self-center\" style=\"--awb-bg-color:var(--awb-custom_color_1);--awb-bg-color-hover:var(--awb-custom_color_1);--awb-bg-blend:overlay;--awb-bg-size:cover;--awb-border-color:var(--awb-custom_color_1);--awb-border-top:8px;--awb-border-right:10px;--awb-border-bottom:8px;--awb-border-left:10px;--awb-border-style:solid;--awb-width-large:50%;--awb-margin-top-large:30px;--awb-spacing-right-large:3.84%;--awb-margin-bottom-large:20px;--awb-spacing-left-large:8.64%;--awb-width-medium:100%;--awb-order-medium:0;--awb-spacing-right-medium:1.92%;--awb-spacing-left-medium:1.92%;--awb-width-small:100%;--awb-order-small:0;--awb-spacing-right-small:1.92%;--awb-spacing-left-small:1.92%;\" data-scroll-devices=\"small-visibility,medium-visibility,large-visibility\"><div class=\"fusion-column-wrapper fusion-column-has-shadow fusion-flex-justify-content-center fusion-content-layout-column\"><div class=\"fusion-image-element \" style=\"text-align:center;--awb-mask-url: url(https:\/\/fahrzeugbedarf.at\/wp-content\/uploads\/2024\/08\/maske-alu01.svg);--awb-mask-size: cover;--awb-caption-title-font-family:var(--h2_typography-font-family);--awb-caption-title-font-weight:var(--h2_typography-font-weight);--awb-caption-title-font-style:var(--h2_typography-font-style);--awb-caption-title-size:var(--h2_typography-font-size);--awb-caption-title-transform:var(--h2_typography-text-transform);--awb-caption-title-line-height:var(--h2_typography-line-height);--awb-caption-title-letter-spacing:var(--h2_typography-letter-spacing);\"><span class=\" fusion-imageframe imageframe-none imageframe-2 hover-type-zoomin has-mask\"><a href=\"https:\/\/fahrzeugbedarf.at\/wp-content\/uploads\/2024\/09\/fzbalu-02.jpg\" class=\"fusion-lightbox\" data-rel=\"iLightbox[8532af61340a56320c5]\" data-caption=\"Fr\u00e4sarbeiten\" data-title=\"Fr\u00e4sarbeiten\" title=\"Fr\u00e4sarbeiten\"><img decoding=\"async\" width=\"1024\" height=\"1295\" alt=\"Fr\u00e4sarbeiten Aluminium Bordwand\" src=\"data:image\/svg+xml,%3Csvg%20xmlns%3D%27http%3A%2F%2Fwww.w3.org%2F2000%2Fsvg%27%20width%3D%271024%27%20height%3D%271295%27%20viewBox%3D%270%200%201024%201295%27%3E%3Crect%20width%3D%271024%27%20height%3D%271295%27%20fill-opacity%3D%220%22%2F%3E%3C%2Fsvg%3E\" data-orig-src=\"https:\/\/fahrzeugbedarf.at\/wp-content\/uploads\/2024\/09\/fzbalu-02.jpg\" class=\"lazyload img-responsive wp-image-11450\" title=\"\"><\/a><\/span><\/div><\/div><\/div><\/div><\/div><div class=\"fusion-fullwidth fullwidth-box fusion-builder-row-2 fusion-flex-container has-pattern-background has-mask-background fusion-parallax-none nonhundred-percent-fullwidth non-hundred-percent-height-scrolling lazyload\" style=\"--awb-background-position:left center;--awb-border-sizes-top:0px;--awb-border-sizes-bottom:0px;--awb-border-sizes-left:0px;--awb-border-sizes-right:0px;--awb-border-radius-top-left:0px;--awb-border-radius-top-right:0px;--awb-border-radius-bottom-right:0px;--awb-border-radius-bottom-left:0px;--awb-padding-top:100px;--awb-padding-bottom:100px;--awb-background-color:var(--awb-color8);--awb-background-image:linear-gradient(180deg, rgba(32,32,32,0.35) 0%,rgba(32,32,32,0.35) 100%);;--awb-background-size:cover;--awb-flex-wrap:wrap;\" data-bg=\"https:\/\/fahrzeugbedarf.at\/wp-content\/uploads\/2024\/08\/aluminium-04-cta.jpg\" data-bg-gradient=\"linear-gradient(180deg, rgba(32,32,32,0.35) 0%,rgba(32,32,32,0.35) 100%)\" ><div class=\"fusion-builder-row fusion-row fusion-flex-align-items-flex-start fusion-flex-content-wrap\" style=\"max-width:1310.4px;margin-left: calc(-4% \/ 2 );margin-right: calc(-4% \/ 2 );\"><div class=\"fusion-layout-column fusion_builder_column fusion-builder-column-2 fusion_builder_column_1_2 1_2 fusion-flex-column fusion-flex-align-self-flex-start fusion-column-no-min-height\" style=\"--awb-bg-blend:overlay;--awb-bg-size:cover;--awb-width-large:50%;--awb-margin-top-large:0px;--awb-spacing-right-large:7.68%;--awb-margin-bottom-large:0px;--awb-spacing-left-large:3.84%;--awb-width-medium:100%;--awb-spacing-right-medium:1.92%;--awb-spacing-left-medium:1.92%;--awb-width-small:100%;--awb-spacing-right-small:1.92%;--awb-spacing-left-small:1.92%;\"><div class=\"fusion-column-wrapper fusion-flex-justify-content-center fusion-content-layout-column\"><div class=\"fusion-separator fusion-full-width-sep\" style=\"align-self: center;margin-left: auto;margin-right: auto;width:100%;\"><\/div><\/div><\/div><div class=\"fusion-layout-column fusion_builder_column fusion-builder-column-3 fusion_builder_column_1_2 1_2 fusion-flex-column\" style=\"--awb-padding-top:40px;--awb-padding-right:40px;--awb-padding-bottom:40px;--awb-padding-left:40px;--awb-bg-color:#f7f8f9;--awb-bg-color-hover:#f7f8f9;--awb-bg-blend:overlay;--awb-bg-size:cover;--awb-width-large:50%;--awb-margin-top-large:0px;--awb-spacing-right-large:3.84%;--awb-margin-bottom-large:0px;--awb-spacing-left-large:7.68%;--awb-width-medium:100%;--awb-order-medium:0;--awb-spacing-right-medium:1.92%;--awb-spacing-left-medium:1.92%;--awb-width-small:100%;--awb-order-small:0;--awb-spacing-right-small:1.92%;--awb-spacing-left-small:1.92%;\" data-scroll-devices=\"small-visibility,medium-visibility,large-visibility\"><div class=\"fusion-column-wrapper fusion-column-has-shadow fusion-flex-justify-content-flex-start fusion-content-layout-column\"><div class=\"fusion-title title fusion-title-1 fusion-sep-none fusion-title-center fusion-title-text fusion-title-size-two\" style=\"--awb-margin-top-small:0px;--awb-margin-right-small:0px;--awb-margin-bottom-small:20px;--awb-margin-left-small:0px;\"><h2 class=\"fusion-title-heading title-heading-center fusion-responsive-typography-calculated\" style=\"margin:0;text-transform:none;--fontSize:38;line-height:1.4;\">Imate kak\u0161na vpra\u0161anja?<\/h2><\/div><div class=\"fusion-text fusion-text-2\" style=\"--awb-content-alignment:center;\"><p>Na\u0161a pristojna ekipa vam bo z veseljem pomagala pri vseh te\u017eavah!<\/p>\n<\/div><div class=\"fusion-separator fusion-full-width-sep\" style=\"align-self: center;margin-left: auto;margin-right: auto;margin-top:10px;width:100%;\"><\/div><div style=\"text-align:center;\"><a class=\"fusion-button button-flat fusion-button-default-size button-default fusion-button-default button-1 fusion-button-default-span fusion-button-default-type\" target=\"_self\" href=\"https:\/\/fahrzeugbedarf.at\/sl\/lokacije\/\"><span class=\"fusion-button-text awb-button__text awb-button__text--default\">Pi\u0161ite nam<\/span><\/a><\/div><\/div><\/div><\/div><\/div><\/p>\n","protected":false},"excerpt":{"rendered":"","protected":false},"author":1,"featured_media":0,"parent":0,"menu_order":0,"comment_status":"closed","ping_status":"closed","template":"100-width.php","meta":{"footnotes":""},"class_list":["post-6320","page","type-page","status-publish","hentry"],"_links":{"self":[{"href":"https:\/\/fahrzeugbedarf.at\/sl\/wp-json\/wp\/v2\/pages\/6320","targetHints":{"allow":["GET"]}}],"collection":[{"href":"https:\/\/fahrzeugbedarf.at\/sl\/wp-json\/wp\/v2\/pages"}],"about":[{"href":"https:\/\/fahrzeugbedarf.at\/sl\/wp-json\/wp\/v2\/types\/page"}],"author":[{"embeddable":true,"href":"https:\/\/fahrzeugbedarf.at\/sl\/wp-json\/wp\/v2\/users\/1"}],"replies":[{"embeddable":true,"href":"https:\/\/fahrzeugbedarf.at\/sl\/wp-json\/wp\/v2\/comments?post=6320"}],"version-history":[{"count":5,"href":"https:\/\/fahrzeugbedarf.at\/sl\/wp-json\/wp\/v2\/pages\/6320\/revisions"}],"predecessor-version":[{"id":11462,"href":"https:\/\/fahrzeugbedarf.at\/sl\/wp-json\/wp\/v2\/pages\/6320\/revisions\/11462"}],"wp:attachment":[{"href":"https:\/\/fahrzeugbedarf.at\/sl\/wp-json\/wp\/v2\/media?parent=6320"}],"curies":[{"name":"wp","href":"https:\/\/api.w.org\/{rel}","templated":true}]}}