{"id":6364,"date":"2024-07-17T13:44:31","date_gmt":"2024-07-17T11:44:31","guid":{"rendered":"https:\/\/fahrzeugbedarf.at\/varstvo-podatkov\/"},"modified":"2025-10-06T14:33:47","modified_gmt":"2025-10-06T12:33:47","slug":"varstvo-podatkov","status":"publish","type":"page","link":"https:\/\/fahrzeugbedarf.at\/sl\/varstvo-podatkov\/","title":{"rendered":"VARSTVO PODATKOV"},"content":{"rendered":"<div class=\"fusion-fullwidth fullwidth-box fusion-builder-row-1 fusion-flex-container has-pattern-background has-mask-background nonhundred-percent-fullwidth non-hundred-percent-height-scrolling\" style=\"--awb-border-radius-top-left:0px;--awb-border-radius-top-right:0px;--awb-border-radius-bottom-right:0px;--awb-border-radius-bottom-left:0px;--awb-flex-wrap:wrap;\" ><div class=\"fusion-builder-row fusion-row fusion-flex-align-items-flex-start fusion-flex-content-wrap\" style=\"max-width:1310.4px;margin-left: calc(-4% \/ 2 );margin-right: calc(-4% \/ 2 );\"><div class=\"fusion-layout-column fusion_builder_column fusion-builder-column-0 fusion_builder_column_1_1 1_1 fusion-flex-column\" style=\"--awb-bg-size:cover;--awb-width-large:100%;--awb-margin-top-large:0px;--awb-spacing-right-large:1.92%;--awb-margin-bottom-large:20px;--awb-spacing-left-large:1.92%;--awb-width-medium:100%;--awb-order-medium:0;--awb-spacing-right-medium:1.92%;--awb-spacing-left-medium:1.92%;--awb-width-small:100%;--awb-order-small:0;--awb-spacing-right-small:1.92%;--awb-spacing-left-small:1.92%;\"><div class=\"fusion-column-wrapper fusion-column-has-shadow fusion-flex-justify-content-flex-start fusion-content-layout-column\"><div class=\"fusion-text fusion-text-1\"><p style=\"text-align: justify;\">Upravljavci teh strani zelo resno jemljejo varstvo va\u0161ih osebnih podatkov. Va\u0161e osebne podatke obravnavamo zaupno in v skladu z zakonskimi predpisi o varstvu podatkov ter tem pravilnikom o zasebnosti. <\/p>\n<p style=\"text-align: justify;\">Uporaba na\u0161ega spletnega mesta je na splo\u0161no mogo\u010da brez posredovanja osebnih podatkov. \u010ce se na na\u0161i spletni strani zbirajo osebni podatki (npr. ime, telefonska \u0161tevilka ali e-po\u0161tni naslov), je to vedno prostovoljno, \u010de je le mogo\u010de. Ti podatki ne bodo posredovani tretjim osebam brez va\u0161e izrecne privolitve.  <\/p>\n<p style=\"text-align: justify;\"><strong>Pi\u0161kotki<\/strong><\/p>\n<p style=\"text-align: justify;\">Nekatere spletne strani uporabljajo tako imenovane pi\u0161kotke. Pi\u0161kotki ne po\u0161kodujejo va\u0161ega ra\u010dunalnika in ne vsebujejo virusov. Pi\u0161kotki se uporabljajo za to, da je na\u0161a spletna stran uporabniku prijaznej\u0161a, u\u010dinkovitej\u0161a in varnej\u0161a. Pi\u0161kotki so majhne besedilne datoteke, ki se shranijo v va\u0161em ra\u010dunalniku in jih shrani va\u0161 brskalnik.   <\/p>\n<p style=\"text-align: justify;\">Ve\u010dina pi\u0161kotkov, ki jih uporabljamo, so tako imenovani &#8220;sejni pi\u0161kotki&#8221;. Ti se samodejno izbri\u0161ejo ob koncu va\u0161ega obiska. Drugi pi\u0161kotki ostanejo shranjeni v va\u0161i kon\u010dni napravi, dokler jih ne izbri\u0161ete. Ti pi\u0161kotki nam omogo\u010dajo, da ob va\u0161em naslednjem obisku prepoznamo va\u0161 brskalnik.   <\/p>\n<p style=\"text-align: justify;\">Svoj brskalnik lahko nastavite tako, da ste obve\u0161\u010deni o nastavitvi pi\u0161kotkov in jih dovolite le v posameznih primerih, izklju\u010dite sprejemanje pi\u0161kotkov za dolo\u010dene primere ali na splo\u0161no in aktivirate samodejno brisanje pi\u0161kotkov ob zaprtju brskalnika. \u010ce so pi\u0161kotki deaktivirani, je lahko funkcionalnost tega spletnega mesta omejena. <\/p>\n<p style=\"text-align: justify;\"><strong>Datoteke dnevnika stre\u017enika<\/strong><\/p>\n<p style=\"text-align: justify;\">Ponudnik strani samodejno zbira in shranjuje informacije v tako imenovanih stre\u017eni\u0161kih dnevni\u0161kih datotekah, ki nam jih va\u0161 brskalnik samodejno posreduje. To so <\/p>\n<p style=\"text-align: justify;\">Vrsta in razli\u010dica brskalnika, uporabljeni operacijski sistem, URL napotitve, ime gostitelja<br \/>\nra\u010dunalnika, ki dostopa, \u010das stre\u017eni\u0161ke zahteve.<\/p>\n<p style=\"text-align: justify;\">Teh podatkov ni mogo\u010de pripisati dolo\u010denim osebam. Ti podatki niso zdru\u017eeni z drugimi viri podatkov. Pridr\u017eujemo si pravico do naknadnega preverjanja teh podatkov, \u010de ugotovimo posebne znake nezakonite uporabe.  <\/p>\n<p style=\"text-align: justify;\"><strong>Kontaktni obrazec<\/strong><\/p>\n<p style=\"text-align: justify;\">\u010ce nam po\u0161ljete poizvedbe prek kontaktnega obrazca, bomo va\u0161e podatke iz obrazca za poizvedbe, vklju\u010dno s kontaktnimi podatki, ki jih tam navedete, shranili za obdelavo poizvedbe in v primeru nadaljnjih vpra\u0161anj. Teh podatkov ne bomo posredovali naprej brez va\u0161ega soglasja. <\/p>\n<p style=\"text-align: justify;\"><strong>Podatki o novicah<\/strong><\/p>\n<p style=\"text-align: justify;\">\u010ce \u017eelite prejemati e-novice, ki so na voljo na spletnem mestu, od vas zahtevamo e-po\u0161tni naslov in podatke, s katerimi lahko preverimo, ali ste lastnik navedenega e-po\u0161tnega naslova in ali se strinjate s prejemanjem e-novic. Drugih podatkov ne zbiramo. Te podatke uporabljamo izklju\u010dno za po\u0161iljanje zahtevanih informacij in jih ne posredujemo tretjim osebam.  <\/p>\n<p style=\"text-align: justify;\">Svojo privolitev v shranjevanje podatkov, e-po\u0161tni naslov in njegovo uporabo za po\u0161iljanje glasila lahko kadar koli prekli\u010dete, na primer prek povezave &#8220;odjava&#8221; v glasilu.<\/p>\n<p style=\"text-align: justify;\"><strong>Matomo<\/strong><\/p>\n<p style=\"text-align: justify;\">To spletno mesto uporablja odprtokodno storitev za spletno analizo Matomo. Matomo uporablja tehnologije, ki omogo\u010dajo prepoznavanje uporabnika na razli\u010dnih straneh za analizo vedenja uporabnika (npr. pi\u0161kotki ali prstni odtisi naprav). Informacije, ki jih Matomo zbere o uporabi tega spletnega mesta, so shranjene v na\u0161em stre\u017eniku. Naslov IP je pred shranjevanjem anonimiziran.   <\/p>\n<p style=\"text-align: justify;\">S pomo\u010djo Matoma lahko zbiramo in analiziramo podatke o uporabi na\u0161ega spletnega mesta s strani obiskovalcev spletnega mesta. Tako lahko med drugim ugotovimo, kdaj so bile obiskane posamezne strani in iz katere regije. Bele\u017eimo tudi razli\u010dne dnevni\u0161ke datoteke (npr. naslov IP, napotitev, uporabljeni brskalnik in operacijski sistem) in lahko izmerimo, ali obiskovalci na\u0161ega spletnega mesta izvajajo dolo\u010dena dejanja (npr. kliki, nakupi itd.).  <\/p>\n<p style=\"text-align: justify;\">To orodje za analizo se uporablja na podlagi \u010dlena 6(1)(f) GDPR. Upravljavec spletnega mesta ima upravi\u010den interes za analizo vedenja uporabnikov, da bi optimiziral svoje spletno mesto in ogla\u0161evanje. \u010ce je bilo zahtevano ustrezno soglasje, se obdelava izvaja izklju\u010dno na podlagi \u010dlena 6(1)(a) GDPR in \u010dlena 25(1) TTDSG, \u010de soglasje vklju\u010duje shranjevanje pi\u0161kotkov ali dostop do informacij v uporabnikovi kon\u010dni napravi (npr. prstni odtis naprave) v smislu TTDSG. Soglasje je mogo\u010de kadar koli preklicati.        <\/p>\n<p style=\"text-align: justify;\"><strong>Deaktiviranje storitve Matomo<\/strong><\/p>\n<p id=\"matomo_opted_in_intro\" style=\"text-align: justify;\">Lahko prepre\u010dite, da bi se va\u0161a dejanja analizirala in povezovala. S tem boste za\u0161\u010ditili svojo zasebnost, hkrati pa boste lastniku prepre\u010dili, da bi se u\u010dil iz va\u0161ih dejanj in izbolj\u0161al uporabnost za vas in druge uporabnike. <\/p>\n<form><input id=\"matomo_optout_checkbox\" checked type=\"checkbox\"> <label for=\"matomo_optout_checkbox\"><strong><span id=\"matomo_opted_in_label\">Va\u0161 obisk tega spletnega mesta trenutno bele\u017ei spletna analitika Matomo. \u010ce se \u017eelite od tega odjaviti, potrdite to potrditveno polje. <\/span><\/strong><\/label><\/form>\n<p style=\"text-align: justify;\"><strong>anonimizacija IP<\/strong><\/p>\n<p style=\"text-align: justify;\">Za analizo z Matomo uporabljamo anonimizacijo IP. Va\u0161 naslov IP se pred analizo skraj\u0161a, tako da ga ni ve\u010d mogo\u010de jasno pripisati vam. <\/p>\n<p style=\"text-align: justify;\"><strong>Gostovanje<\/strong><\/p>\n<p style=\"text-align: justify;\">Matomo gostimo izklju\u010dno na lastnih stre\u017enikih, tako da vsi podatki o analizi ostanejo pri nas in se ne posredujejo naprej.<\/p>\n<p style=\"text-align: justify;\">Vir: https:\/\/www.e-recht24.de<\/p>\n<p style=\"text-align: justify;\"><strong>Vti\u010dniki za Facebook (gumb V\u0161e\u010d mi je)<\/strong><\/p>\n<p style=\"text-align: justify;\">Na na\u0161ih straneh so vgrajeni vti\u010dniki dru\u017ebenega omre\u017eja Facebook, ponudnik Facebook Inc, 1 Hacker Way, Menlo Park, California 94025, ZDA. Facebookove vti\u010dnike lahko prepoznate po logotipu Facebook ali gumbu &#8220;V\u0161e\u010d mi je&#8221; na na\u0161i spletni strani. Pregled vti\u010dnikov Facebook najdete tukaj: <a href=\"http:\/\/developers.facebook.com\/docs\/plugins\/\" target=\"_blank\" rel=\"noopener\">http:\/\/developers.facebook.com\/docs\/plugins\/<\/a>.<\/p>\n<p style=\"text-align: justify;\">Ko obi\u0161\u010dete na\u0161e strani, se prek vti\u010dnika vzpostavi neposredna povezava med va\u0161im brskalnikom in Facebookovim stre\u017enikom. Facebook prejme informacijo, da ste obiskali na\u0161o spletno stran z va\u0161im naslovom IP. \u010ce kliknete gumb &#8220;V\u0161e\u010d mi je&#8221;, ko ste prijavljeni v svoj ra\u010dun na Facebooku, lahko vsebino na\u0161ih strani pove\u017eete s svojim profilom na Facebooku. Tako lahko Facebook va\u0161 obisk na\u0161ih strani pove\u017ee z va\u0161im uporabni\u0161kim ra\u010dunom. Poudarjamo, da kot ponudnik strani ne poznamo vsebine posredovanih podatkov ali njihove uporabe s strani Facebooka. Ve\u010d informacij o tem je na voljo v Facebookovi politiki zasebnosti na spletni strani <a href=\"http:\/\/de-de.facebook.com\/policy.php.\" target=\"_blank\" rel=\"noopener\">http:\/\/de-de.facebook.com\/policy.php<\/a>.     <\/p>\n<p style=\"text-align: justify;\">\u010ce ne \u017eelite, da lahko Facebook va\u0161 obisk na\u0161ih strani pove\u017ee z va\u0161im uporabni\u0161kim ra\u010dunom na Facebooku, se odjavite iz svojega uporabni\u0161kega ra\u010duna na Facebooku.<\/p>\n<p style=\"text-align: justify;\"><strong>YouTube<\/strong><\/p>\n<p style=\"text-align: justify;\">Na\u0161e spletno mesto uporablja vti\u010dnike spletnega mesta YouTube, ki ga upravlja Google. Upravljavec strani je YouTube, LLC, 901 Cherry Ave, San Bruno, CA 94066, ZDA. Ko obi\u0161\u010dete eno od na\u0161ih strani, opremljenih z vti\u010dnikom YouTube, se vzpostavi povezava s stre\u017eniki YouTube. Stre\u017enik YouTube je obve\u0161\u010den, katero od na\u0161ih strani ste obiskali.<\/p>\n<p style=\"text-align: justify;\">\u010ce ste prijavljeni v svoj ra\u010dun YouTube, omogo\u010date, da YouTube va\u0161e vedenje pri brskanju po spletu neposredno pripi\u0161e va\u0161emu osebnemu profilu. To lahko prepre\u010dite tako, da se odjavite iz ra\u010duna YouTube. <\/p>\n<p style=\"text-align: justify;\">Dodatne informacije o ravnanju z uporabni\u0161kimi podatki so na voljo v YouTubovi politiki zasebnosti na naslovu: https: <a href=\"https:\/\/www.google.de\/intl\/de\/policies\/privacy\" target=\"_blank\" rel=\"noopener\">\/\/www.google.de\/intl\/de\/policies\/privacy<\/a>.<\/p>\n<p style=\"text-align: justify;\"><strong>\u0161ifriranje SSL<\/strong><\/p>\n<p style=\"text-align: justify;\">Zaradi varnosti in za\u0161\u010dite prenosa zaupne vsebine, kot so<\/p>\n<p style=\"text-align: justify;\">Zahteve, ki jih po\u0161ljete nam kot upravljavcu spletnega mesta, na primer uporabljajo \u0161ifriranje SSL. \u0160ifrirano povezavo prepoznate po tem, da se naslovna vrstica brskalnika spremeni iz &#8220;http:\/\/&#8221; v &#8220;https:\/\/&#8221;, in po simbolu klju\u010davnice v vrstici brskalnika. <\/p>\n<p style=\"text-align: justify;\">\u010ce je aktivirano \u0161ifriranje SSL, podatkov, ki nam jih posredujete, tretje osebe ne morejo prebrati.<\/p>\n<p style=\"text-align: justify;\"><strong>Izjava o pravnih sredstvih<\/strong><\/p>\n<p style=\"text-align: justify;\">Na\u010deloma imate pravico do obve\u0161\u010denosti, popravka, izbrisa, omejitve, prenosljivosti podatkov in ugovora. \u010ce imate dodatna vpra\u0161anja v zvezi z osebnimi podatki, se lahko kadar koli obrnete na nas na naslov, naveden v pravnem obvestilu.<x id=\"gid_0\"><\/x>\u010ce menite, da obdelava va\u0161ih podatkov kr\u0161i zakonodajo o varstvu podatkov ali da so bile va\u0161e zahteve za varstvo podatkov kakor koli druga\u010de kr\u0161ene, se lahko prito\u017eite nadzornemu organu. V Avstriji je za to pristojen <a href=\"http:\/\/dsb.gv.at\/?__hstc=252505686.0cb8b8a7ae89341185cb26d399dd82c9.1522161305916.1522161305916.1522161305916.1&amp;__hssc=252505686.2.1522161305916&amp;__hsfp=1706476225\" target=\"_blank\" rel=\"noopener\">organ za varstvo podatkov<\/a>.  <\/p>\n<p style=\"text-align: justify;\"><strong>Ugovor zoper ogla\u0161evalsko po\u0161to<\/strong><\/p>\n<p style=\"text-align: justify;\">Nasprotujemo uporabi kontaktnih podatkov, objavljenih v okviru na\u0161e obveznosti zagotavljanja pravnega obvestila, za po\u0161iljanje ne\u017eelenega ogla\u0161evalskega in informativnega gradiva. Upravljavci tega spletnega mesta si izrecno pridr\u017eujejo pravico do pravnih ukrepov v primeru neza\u017eelenega po\u0161iljanja ogla\u0161evalskih informacij, kot so ne\u017eelena elektronska sporo\u010dila. <\/p>\n<\/div><\/div><\/div><\/div><\/div>\n","protected":false},"excerpt":{"rendered":"","protected":false},"author":1,"featured_media":0,"parent":0,"menu_order":0,"comment_status":"closed","ping_status":"closed","template":"","meta":{"footnotes":""},"class_list":["post-6364","page","type-page","status-publish","hentry"],"_links":{"self":[{"href":"https:\/\/fahrzeugbedarf.at\/sl\/wp-json\/wp\/v2\/pages\/6364","targetHints":{"allow":["GET"]}}],"collection":[{"href":"https:\/\/fahrzeugbedarf.at\/sl\/wp-json\/wp\/v2\/pages"}],"about":[{"href":"https:\/\/fahrzeugbedarf.at\/sl\/wp-json\/wp\/v2\/types\/page"}],"author":[{"embeddable":true,"href":"https:\/\/fahrzeugbedarf.at\/sl\/wp-json\/wp\/v2\/users\/1"}],"replies":[{"embeddable":true,"href":"https:\/\/fahrzeugbedarf.at\/sl\/wp-json\/wp\/v2\/comments?post=6364"}],"version-history":[{"count":0,"href":"https:\/\/fahrzeugbedarf.at\/sl\/wp-json\/wp\/v2\/pages\/6364\/revisions"}],"wp:attachment":[{"href":"https:\/\/fahrzeugbedarf.at\/sl\/wp-json\/wp\/v2\/media?parent=6364"}],"curies":[{"name":"wp","href":"https:\/\/api.w.org\/{rel}","templated":true}]}}