{"id":6376,"date":"2024-07-17T13:41:09","date_gmt":"2024-07-17T11:41:09","guid":{"rendered":"https:\/\/fahrzeugbedarf.at\/natisni\/"},"modified":"2025-10-23T14:49:08","modified_gmt":"2025-10-23T12:49:08","slug":"natisni","status":"publish","type":"page","link":"https:\/\/fahrzeugbedarf.at\/sl\/natisni\/","title":{"rendered":"NATISNI"},"content":{"rendered":"<div class=\"fusion-fullwidth fullwidth-box fusion-builder-row-1 fusion-flex-container has-pattern-background has-mask-background nonhundred-percent-fullwidth non-hundred-percent-height-scrolling\" style=\"--awb-border-radius-top-left:0px;--awb-border-radius-top-right:0px;--awb-border-radius-bottom-right:0px;--awb-border-radius-bottom-left:0px;--awb-flex-wrap:wrap;\" ><div class=\"fusion-builder-row fusion-row fusion-flex-align-items-flex-start fusion-flex-content-wrap\" style=\"max-width:1310.4px;margin-left: calc(-4% \/ 2 );margin-right: calc(-4% \/ 2 );\"><div class=\"fusion-layout-column fusion_builder_column fusion-builder-column-0 fusion_builder_column_1_1 1_1 fusion-flex-column\" style=\"--awb-bg-size:cover;--awb-width-large:100%;--awb-margin-top-large:0px;--awb-spacing-right-large:1.92%;--awb-margin-bottom-large:20px;--awb-spacing-left-large:1.92%;--awb-width-medium:100%;--awb-order-medium:0;--awb-spacing-right-medium:1.92%;--awb-spacing-left-medium:1.92%;--awb-width-small:100%;--awb-order-small:0;--awb-spacing-right-small:1.92%;--awb-spacing-left-small:1.92%;\"><div class=\"fusion-column-wrapper fusion-column-has-shadow fusion-flex-justify-content-flex-start fusion-content-layout-column\"><div class=\"fusion-text fusion-text-1\" style=\"--awb-content-alignment:justify;\"><p style=\"text-align: justify;\">Odgovoren za vsebino teh strani: Fahrzeugbedarf Kotz &amp; Co KG<\/p>\n<p>Naslov: Volvostrasse 1\/Unit 1, 2512 Tribuswinkel<\/p>\n<p style=\"text-align: justify;\">Tel: <a href=\"tel:0043571720\">+43 (0) 5 7172 0<\/a><br \/>\nPo\u0161ta: <a href=\"mailto:office@fahrzeugbedarf.at\">office@fahrzeugbedarf.at<\/a><br \/>\nSpletna stran: <a href=\"https:\/\/fahrzeugbedarf.at\/sl\/\">www.fahrzeugbedarf.at<\/a><\/p>\n<p>Poslovni namen: Trgovina na debelo z deli za vozila<\/p>\n<p>Sede\u017e podjetja: Tribuswinkel<\/p>\n<p>Registrska \u0161tevilka podjetja: 5913x<br \/>\nRegistrsko sodi\u0161\u010de: Landesgericht Wiener Neustadt<br \/>\nOrgan po ECG: Bezirkshauptmannschaft M\u00f6dling <\/p>\n<p>UID: ATU 19169904<br \/>\n\u010clan: WKN\u00d6<br \/>\nTrgovinski predpisi: <a href=\"https:\/\/www.wko.at\/service\/wirtschaftsrecht-gewerberecht\/gewerbeordnungsnovelle-2017.html\" target=\"_blank\" rel=\"noopener\">za WKN\u00d6<\/a><\/p>\n<p>Obveznost obve\u0161\u010danja v skladu z zakonom ECG in zakonom o medijih<\/p>\n<hr>\n<p style=\"text-align: justify;\">Koncept in tehni\u010dna izvedba: <a href=\"https:\/\/www.marketing-platzhirsch.at\/\" target=\"_blank\" rel=\"noopener noreferrer\">Mario Wagner, Marketing Platzhirsch W.M. GmbH<\/a><\/p>\n<hr>\n<p style=\"text-align: justify;\"><strong>Izjava o omejitvi odgovornosti<\/strong><\/p>\n<p style=\"text-align: justify;\"><strong>1. vsebina spletne ponudbe<\/strong><\/p>\n<p style=\"text-align: justify;\">Avtor ne prevzema nobene odgovornosti za aktualnost, pravilnost, popolnost ali kakovost posredovanih informacij. Zahtevki iz naslova odgovornosti do avtorja v zvezi z materialno ali nematerialno \u0161kodo, povzro\u010deno z uporabo ali neuporabo zagotovljenih informacij ali z uporabo nepravilnih ali nepopolnih informacij, so v osnovi izklju\u010deni, razen \u010de obstaja dokaz o nameri ali hudi malomarnosti s strani avtorja. Vse ponudbe se lahko spremenijo in niso zavezujo\u010de. Avtor si izrecno pridr\u017euje pravico, da brez predhodnega obvestila spremeni, dopolni ali izbri\u0161e dele strani ali celotno ponudbo ali da za\u010dasno ali trajno preneha z objavo.   <\/p>\n<p style=\"text-align: justify;\"><strong>2. reference in povezave<\/strong><\/p>\n<p style=\"text-align: justify;\">V primeru neposrednih ali posrednih sklicev na zunanja spletna mesta (&#8220;hiperpovezave&#8221;), ki so zunaj avtorjevega podro\u010dja odgovornosti, bi obveznost odgovornosti za\u010dela veljati le v primeru, da je avtor seznanjen z vsebino in da bi bilo zanj tehni\u010dno mogo\u010de in razumno prepre\u010diti uporabo v primeru nezakonite vsebine.<\/p>\n<p style=\"text-align: justify;\">Avtor izrecno izjavlja, da v \u010dasu ustvarjanja povezav na povezanih straneh ni bilo mogo\u010de prepoznati nezakonite vsebine. Avtor nima nikakr\u0161nega vpliva na sedanjo in prihodnjo obliko, vsebino ali avtorstvo povezanih strani. Avtor se zato izrecno distancira od vseh vsebin vseh povezanih strani, ki so bile spremenjene po ustvarjanju povezave. Ta izjava velja za vse povezave in sklice, ki so postavljene na avtorjevem spletnem mestu, ter tudi za vnose tretjih oseb v knjige gostov, diskusijske forume, imenike povezav, po\u0161tne sezname in vse druge oblike baz podatkov, ki jih je vzpostavil avtor in do katerih vsebine je mogo\u010d zunanji pisarni\u0161ki dostop. Odgovornost za nezakonito, nepravilno ali nepopolno vsebino in zlasti za \u0161kodo, ki nastane zaradi uporabe ali neuporabe takih informacij, nosi izklju\u010dno ponudnik strani, na katero se sklicuje, in ne oseba, ki se na zadevno objavo zgolj sklicuje prek povezav.    <\/p>\n<p style=\"text-align: justify;\"><strong>3. zakonodaja o avtorskih pravicah in ozna\u010devanju<\/strong><\/p>\n<p style=\"text-align: justify;\">Avtor si prizadeva spo\u0161tovati avtorske pravice za slike, grafike, zvo\u010dne dokumente, video zaporedja in besedila, ki se uporabljajo v vseh publikacijah, uporabljati slike, grafike, zvo\u010dne dokumente, video zaporedja in besedila, ki jih je ustvaril sam, ali uporabljati grafike, zvo\u010dne dokumente, video zaporedja in besedila brez licence.<\/p>\n<p style=\"text-align: justify;\">Za vsa imena blagovnih znamk in blagovne znamke, ki so omenjene na spletnem mestu in so morda za\u0161\u010ditene s strani tretjih oseb, brez omejitev veljajo dolo\u010dbe veljavnega zakona o blagovnih znamkah in lastninske pravice zadevnih registriranih lastnikov. Zgolj omemba blagovne znamke ne pomeni, da ni za\u0161\u010ditena s pravicami tretjih oseb! <\/p>\n<p style=\"text-align: justify;\">Avtorske pravice za objavljene predmete, ki jih je ustvaril avtor sam, ima izklju\u010dno avtor strani. Brez soglasja avtorja ni dovoljeno podvajanje ali uporaba predmetov, kot so diagrami, zvoki ali besedila, v drugih elektronskih ali tiskanih publikacijah. \u010ce dolo\u010deni elementi moje doma\u010de strani kr\u0161ijo avtorske pravice ali \u017ealijo katero koli osebo, me o tem nemudoma obvestite, da se zadevni element lahko odstrani. Vsakdo, ki ukrepa brez obvestila, deluje proti meni nezakonito (zloraba pravic).   <\/p>\n<p style=\"text-align: justify;\"><strong>4. varstvo podatkov<\/strong><\/p>\n<p style=\"text-align: justify;\">\u010ce je dana mo\u017enost vnosa osebnih ali poslovnih podatkov (e-po\u0161tni naslovi, imena, naslovi), se ti podatki vnesejo prostovoljno. Uporaba in pla\u010dilo vseh ponujenih storitev sta &#8211; kolikor je to tehni\u010dno mogo\u010de in razumno &#8211; dovoljena tudi brez posredovanja teh podatkov ali s posredovanjem anonimiziranih podatkov ali psevdonima. Uporaba kontaktnih podatkov, kot so po\u0161tni naslovi, telefonske \u0161tevilke in \u0161tevilke telefaksa ter elektronski naslovi, ki so objavljeni v odtisu, ali primerljivih informacij s strani tretjih oseb za po\u0161iljanje informacij, ki niso bile izrecno zahtevane, ni dovoljena. Izrecno si pridr\u017eujemo pravico, da v primeru kr\u0161itve te prepovedi proti po\u0161iljateljem tako imenovane ne\u017eelene po\u0161te sproti ukrepamo.   <\/p>\n<p style=\"text-align: justify;\"><strong>5 Pravna veljavnost te izjave o omejitvi odgovornosti<\/strong><\/p>\n<p style=\"text-align: justify;\">To izjavo o omejitvi odgovornosti je treba obravnavati kot del spletne publikacije, iz katere ste bili napoteni. \u010ce deli ali posamezni izrazi te izjave niso zakoniti ali pravilni, to dejstvo ne vpliva na vsebino ali veljavnost drugih delov. <\/p>\n<\/div><\/div><\/div><\/div><\/div>\n","protected":false},"excerpt":{"rendered":"","protected":false},"author":1,"featured_media":0,"parent":0,"menu_order":0,"comment_status":"closed","ping_status":"closed","template":"","meta":{"footnotes":""},"class_list":["post-6376","page","type-page","status-publish","hentry"],"_links":{"self":[{"href":"https:\/\/fahrzeugbedarf.at\/sl\/wp-json\/wp\/v2\/pages\/6376","targetHints":{"allow":["GET"]}}],"collection":[{"href":"https:\/\/fahrzeugbedarf.at\/sl\/wp-json\/wp\/v2\/pages"}],"about":[{"href":"https:\/\/fahrzeugbedarf.at\/sl\/wp-json\/wp\/v2\/types\/page"}],"author":[{"embeddable":true,"href":"https:\/\/fahrzeugbedarf.at\/sl\/wp-json\/wp\/v2\/users\/1"}],"replies":[{"embeddable":true,"href":"https:\/\/fahrzeugbedarf.at\/sl\/wp-json\/wp\/v2\/comments?post=6376"}],"version-history":[{"count":5,"href":"https:\/\/fahrzeugbedarf.at\/sl\/wp-json\/wp\/v2\/pages\/6376\/revisions"}],"predecessor-version":[{"id":10953,"href":"https:\/\/fahrzeugbedarf.at\/sl\/wp-json\/wp\/v2\/pages\/6376\/revisions\/10953"}],"wp:attachment":[{"href":"https:\/\/fahrzeugbedarf.at\/sl\/wp-json\/wp\/v2\/media?parent=6376"}],"curies":[{"name":"wp","href":"https:\/\/api.w.org\/{rel}","templated":true}]}}