{"id":9486,"date":"2025-10-20T09:01:39","date_gmt":"2025-10-20T07:01:39","guid":{"rendered":"https:\/\/fahrzeugbedarf.at\/?page_id=9486"},"modified":"2025-10-24T07:48:31","modified_gmt":"2025-10-24T05:48:31","slug":"spu","status":"publish","type":"page","link":"https:\/\/fahrzeugbedarf.at\/sl\/spu\/","title":{"rendered":"SPU"},"content":{"rendered":"<div class=\"fusion-fullwidth fullwidth-box fusion-builder-row-1 fusion-flex-container has-pattern-background has-mask-background nonhundred-percent-fullwidth non-hundred-percent-height-scrolling\" style=\"--awb-border-radius-top-left:0px;--awb-border-radius-top-right:0px;--awb-border-radius-bottom-right:0px;--awb-border-radius-bottom-left:0px;--awb-flex-wrap:wrap;\" ><div class=\"fusion-builder-row fusion-row fusion-flex-align-items-flex-start fusion-flex-content-wrap\" style=\"max-width:1310.4px;margin-left: calc(-4% \/ 2 );margin-right: calc(-4% \/ 2 );\"><div class=\"fusion-layout-column fusion_builder_column fusion-builder-column-0 fusion_builder_column_1_1 1_1 fusion-flex-column\" style=\"--awb-bg-size:cover;--awb-width-large:100%;--awb-margin-top-large:0px;--awb-spacing-right-large:1.92%;--awb-margin-bottom-large:20px;--awb-spacing-left-large:1.92%;--awb-width-medium:100%;--awb-order-medium:0;--awb-spacing-right-medium:1.92%;--awb-spacing-left-medium:1.92%;--awb-width-small:100%;--awb-order-small:0;--awb-spacing-right-small:1.92%;--awb-spacing-left-small:1.92%;\"><div class=\"fusion-column-wrapper fusion-column-has-shadow fusion-flex-justify-content-flex-start fusion-content-layout-column\"><div class=\"fusion-text fusion-text-1\" style=\"--awb-content-alignment:justify;\"><p><span style=\"letter-spacing: 0.27px; background-color: rgba(0, 0, 0, 0);\"><strong>Splo\u0161ni pogoji uporabe (SPU)<\/strong><br \/>\nza uporabo spletne trgovine Fahrzeugbedarf Kotz &amp; Co.KG<br \/>\n<\/span><span style=\"letter-spacing: 0.27px; background-color: rgba(0, 0, 0, 0);\">https:\/\/shop.fahrzeugbedarf.at<\/span><\/p>\n<p><b>Vers03\/26012016<\/b><\/p>\n<p><strong>1. Splo\u0161no<\/strong><br \/>\n<span style=\"letter-spacing: 0.27px; background-color: rgba(0, 0, 0, 0);\"><strong>1.1.<\/strong> Fahrzeugbedarf Kotz &amp; Co.KG (v nadaljevanju kratko: Fahrzeugbedarf) upravlja spletno trgovino \u00a0betreibt <\/span><span style=\"letter-spacing: 0.27px; background-color: rgba(0, 0, 0, 0);\">den Webshop https:\/\/shop.fahrzeugbedarf.at<br \/>\n<\/span><span style=\"letter-spacing: 0.27px; background-color: rgba(0, 0, 0, 0);\"><strong>1.2.<\/strong> Ta spletna trgovina je namenjena izklju\u010dno podjetnikom (transakcije B2B). Potro\u0161niki v smislu Zakona o varstvu potro\u0161nikov so izklju\u010deni iz uporabe.<br \/>\n<\/span><span style=\"letter-spacing: 0.27px; background-color: rgba(0, 0, 0, 0);\"><strong>1.3<\/strong> Uporaba spletne trgovine temelji na teh pogojih uporabe. <\/span><span style=\"letter-spacing: 0.27px; background-color: rgba(0, 0, 0, 0);\">Ti pogoji uporabe dopolnjujejo splo\u0161ne pogoje in <\/span><span style=\"letter-spacing: 0.27px; background-color: rgba(0, 0, 0, 0);\">Splo\u0161nih pogojev poslovanja (SPP) dru\u017ebe Fahrzeugbedarf v trenutno veljavni razli\u010dici. <\/span> <span style=\"letter-spacing: 0.27px; background-color: rgba(0, 0, 0, 0);\">predstavljajo. To so <\/span><a href=\"\/sl\/?page_id=9470\">https:\/\/fahrzeugbedarf.at\/agb<\/a> <span style=\"letter-spacing: 0.27px; background-color: rgba(0, 0, 0, 0);\">na voljo.<\/span><\/p>\n<p>V primeru protislovij ali vrzeli velja naslednji <span style=\"letter-spacing: 0.27px; background-color: rgba(0, 0, 0, 0);\">prednostni vrstni red:<br \/>\n<\/span> 1.<span style=\"letter-spacing: 0.27px; background-color: rgba(0, 0, 0, 0);\">Splo\u0161ni pogoji poslovanja<br \/>\n<\/span> 2.<span style=\"background-color: rgba(0, 0, 0, 0); letter-spacing: 0.27px;\">SPLO\u0160NI POGOJI POSLOVANJA<br \/>\n<\/span> 3.<span style=\"letter-spacing: 0.27px; background-color: rgba(0, 0, 0, 0);\">Dispozicijsko pravo<\/span><\/p>\n<p><strong>1.4.<\/strong> Splo\u0161ni pogoji za stranke vseh vrst <span style=\"letter-spacing: 0.27px; background-color: rgba(0, 0, 0, 0);\">nikoli ne postanejo del pogodbe.<br \/>\n<strong>1.5.<\/strong> \u010ce so ali postanejo posamezne dolo\u010dbe teh splo\u0161nih pogojev poslovanja v celoti ali delno neveljavne ali neizvr\u0161ljive, to ne vpliva na veljavnost preostalih dolo\u010db ali na sklenitev pogodbe. \u0160teje se, da je tak\u0161na dolo\u010dba nadome\u0161\u010dena z dolo\u010dbo, ki je najbli\u017eje ekonomskemu namenu neveljavne dolo\u010dbe in je u\u010dinkovita. Enako velja v primeru, da ti SPVP vsebujejo vrzel.<br \/>\n1.6. Spremembe in dopolnitve pogodbe ter druge bistvene izjave morajo biti za veljavnost podane v pisni obliki. To velja tudi za vsako opustitev zahteve po pisni obliki, ki je dogovorjena s tem sporazumom. Za &#8220;pisne&#8221; v smislu teh splo\u0161nih pogojev poslovanja se \u0161tejejo tudi izjave, podane po telefaksu ali elektronski po\u0161ti.<br \/>\n<\/span><\/p>\n<p><span style=\"letter-spacing: 0.27px; background-color: rgba(0, 0, 0, 0);\"><strong>2. delovanje spletne trgovine<\/strong><br \/>\n<strong>2.1.<\/strong> Ta spletna trgovina je zgolj prostovoljna storitev, ki jo dru\u017eba Fahrzeugbedarf zagotavlja strankam, da bi jim omogo\u010dila poizvedovanje in oddajanje naro\u010dil zunaj delovnega \u010dasa dru\u017ebe Fahrzeugbedarf.<br \/>\n<strong>2.2.<\/strong> Dru\u017eba Fahrzeugbedarf je poobla\u0161\u010dena, da kadar koli spremeni spletno trgovino in jo za\u010dasno ali trajno zapre. Stranka nima nobenih zahtevkov glede zagotavljanja spletne trgovine.<br \/>\n<strong>2.3.<\/strong> Dru\u017eba Fahrzeugbedarf ima zlasti pravico, da kadar koli raz\u0161iri, zmanj\u0161a ali kako druga\u010de spremeni ponudbo izdelkov in storitev v spletni trgovini.<br \/>\n<strong>2.4.<\/strong> Stranka nima zahtevka, da je spletna trgovina vedno dostopna in\/ali funkcionalna.<br \/>\n<strong>2.5.<\/strong> Dru\u017eba Fahrzeugbedarf ni odgovorna za tehni\u010dne napake ali druge omejitve pri uporabi spletne trgovine s strani stranke.<br \/>\n<strong>2.6<\/strong> Kupec se zaveda in strinja, da zaradi raznolikosti blaga in strukture cen v spletni trgovini ni mogo\u010de prikazati zavezujo\u010de kon\u010dne cene ali zagotoviti informacij o razpolo\u017eljivosti zadevnega blaga. Strankino naro\u010dilo predstavlja zgolj pogodbeno ponudbo dru\u017ebi Fahrzeugbedarf. Njegov prejem bo takoj potrjen. Vendar ta potrditev prejema ne pomeni zavezujo\u010de izjave o sprejemu, razen \u010de ni izrecno navedeno druga\u010de. Dru\u017eba Fahrzeugbedarf sprejme ponudbo v dveh delovnih dneh s po\u0161iljanjem potrditve naro\u010dila. \u010ce v tem roku ne prejme potrditve naro\u010dila, to ne pomeni zavrnitve ponudbe. V tem primeru se stranka obrne na dru\u017ebo Fahrzeugbedarf, da se dogovori o nadaljnji obdelavi.<br \/>\n<strong>2.7<\/strong> V primeru, da sprejem ponudbe ni mogo\u010d zaradi odstopanja cen ali pomanjkanja razpolo\u017eljivosti naro\u010denega blaga, Fahrzeugbedarf o tem obvesti stranko in ji po potrebi predlo\u017ei drugo ponudbo. Stranka lahko to ponudbo sprejme v roku petih delovnih dni. \u010ce stranka v tem roku izrecno ne izjavi, da jo sprejema, ponudba dru\u017ebe Fahrzeugbedarf preneha veljati.<br \/>\n<\/span><\/p>\n<p><span style=\"letter-spacing: 0.27px; background-color: rgba(0, 0, 0, 0);\"><strong>3. dostop do podatkov \/ podatkov o strankah<\/strong><br \/>\n<strong>3.1.<\/strong> Stranka bo v 7 dneh po ustvarjanju profila za prvo prijavo po elektronski po\u0161ti prejela uporabni\u0161ko ime in geslo (podatki za dostop).<br \/>\n<strong>3.2.<\/strong> Stranka mora svoje podatke za dostop za\u0161\u010dititi pred dostopom nepoobla\u0161\u010denih tretjih oseb. Dru\u017eba Fahrzeugbedarf ni odgovorna za nobeno \u0161kodo, ki bi nastala zaradi uporabe podatkov o dostopu s strani nepoobla\u0161\u010denih tretjih oseb. Stranka je dol\u017ena dru\u017ebi Fahrzeugbedarf povrniti \u0161kodo in jo ohraniti ne\u0161kodljivo.<br \/>\n<strong>3.3.<\/strong> Dru\u017eba Fahrzeugbedarf lahko domneva, da poizvedbe in naro\u010dila z uporabo podatkov za dostop izvirajo od poobla\u0161\u010denih oseb.<br \/>\n<strong>3.4.<\/strong> Stranka mora takoj po posredovanju podatkov za dostop preveriti tudi svoj profil. \u010ce so potrebne spremembe, jih mora stranka takoj sporo\u010diti dru\u017ebi Fahrzeugbedarf, ki bo profil ustrezno posodobila.<br \/>\n<strong>3.5.<\/strong> Stranka je dol\u017ena posodabljati svoj profil. \u010ce pride do kakr\u0161nih koli sprememb, jih mora stranka takoj sporo\u010diti dru\u017ebi Fahrzeugbedarf, da se profil lahko posodobi. Stranka se strinja, da lahko dru\u017eba Fahrzeugbedarf po\u0161ilja po\u0161iljke na fizi\u010dne in\/ali elektronske naslove (zlasti elektronsko po\u0161to), shranjene v profilu, in da se \u0161teje, da je bila dostava opravljena. Stranka je tudi dol\u017ena redno preverjati svoj elektronski ra\u010dun in poskrbeti, da se lahko nanj po\u0161iljajo po\u0161iljke.<br \/>\n<strong>3.6.<\/strong> Stranka lahko kadar koli izbri\u0161e svoj profil z gumbom, ki je na voljo v ta namen. Vendar se stranka zaveda, da bodo s tem trajno izbrisani vsi podatki. Stranka je odgovorna za izdelavo varnostne kopije podatkov.<br \/>\n<\/span><\/p>\n<p><span style=\"letter-spacing: 0.27px; background-color: rgba(0, 0, 0, 0);\"><strong>4. izjava o omejitvi odgovornosti<\/strong><br \/>\nInformacije o izdelkih, predstavljene v spletni trgovini, so bile zbrane na podlagi podatkov proizvajalca. Dru\u017eba Fahrzeugbedarf ne prevzema nobene odgovornosti za to\u010dnost teh informacij ali primernost blaga za dolo\u010den namen.<br \/>\n<\/span><\/p>\n<p><span style=\"letter-spacing: 0.27px; background-color: rgba(0, 0, 0, 0);\"><strong>5. kon\u010dna dolo\u010dba \/ kraj pristojnosti<\/strong><br \/>\n<strong>5.1.<\/strong> Kraj izpolnitve za obe pogodbeni stranki je 2512 Tribuswinkel.<br \/>\n<strong>5.2.<\/strong> Za vse spore, ki izhajajo iz pogodbenega razmerja med dru\u017ebo Fahrzeugbedarf in stranko, ter za vse spore v zvezi z obstojem tak\u0161nega pogodbenega razmerja je izklju\u010dno pristojno stvarno in krajevno pristojno sodi\u0161\u010de izvajalca (okro\u017eno sodi\u0161\u010de v M\u00f6dlingu ali de\u017eelno sodi\u0161\u010de v Wiener Neustadtu). Vendar ima izvajalec pravico, da proti naro\u010dniku spro\u017ei postopek tudi pred mo\u017enimi in dopustnimi krajevnimi sodi\u0161\u010di.<br \/>\n<strong>5.3.<\/strong> Za vsa pogodbena razmerja ali druga pravna razmerja med dru\u017ebo Fahrzeugbedarf in stranko velja izklju\u010dno materialno in formalno avstrijsko pravo z izrecno izklju\u010ditvijo Konvencije ZN o pogodbah o mednarodni prodaji blaga (CISG) in kolizijskih pravil IPRG.<br \/>\n<\/span><\/p>\n<\/div><\/div><\/div><\/div><\/div>\n","protected":false},"excerpt":{"rendered":"","protected":false},"author":2,"featured_media":0,"parent":0,"menu_order":0,"comment_status":"closed","ping_status":"closed","template":"","meta":{"footnotes":""},"class_list":["post-9486","page","type-page","status-publish","hentry"],"_links":{"self":[{"href":"https:\/\/fahrzeugbedarf.at\/sl\/wp-json\/wp\/v2\/pages\/9486","targetHints":{"allow":["GET"]}}],"collection":[{"href":"https:\/\/fahrzeugbedarf.at\/sl\/wp-json\/wp\/v2\/pages"}],"about":[{"href":"https:\/\/fahrzeugbedarf.at\/sl\/wp-json\/wp\/v2\/types\/page"}],"author":[{"embeddable":true,"href":"https:\/\/fahrzeugbedarf.at\/sl\/wp-json\/wp\/v2\/users\/2"}],"replies":[{"embeddable":true,"href":"https:\/\/fahrzeugbedarf.at\/sl\/wp-json\/wp\/v2\/comments?post=9486"}],"version-history":[{"count":5,"href":"https:\/\/fahrzeugbedarf.at\/sl\/wp-json\/wp\/v2\/pages\/9486\/revisions"}],"predecessor-version":[{"id":10968,"href":"https:\/\/fahrzeugbedarf.at\/sl\/wp-json\/wp\/v2\/pages\/9486\/revisions\/10968"}],"wp:attachment":[{"href":"https:\/\/fahrzeugbedarf.at\/sl\/wp-json\/wp\/v2\/media?parent=9486"}],"curies":[{"name":"wp","href":"https:\/\/api.w.org\/{rel}","templated":true}]}}